{"id":5567,"date":"2017-08-08T10:09:05","date_gmt":"2017-08-08T10:09:05","guid":{"rendered":"https:\/\/pofo.themezaa.com\/?page_id=5567"},"modified":"2025-05-24T12:09:51","modified_gmt":"2025-05-24T11:09:51","slug":"services","status":"publish","type":"page","link":"https:\/\/softechsource.com\/en\/services\/","title":{"rendered":"Services"},"content":{"rendered":"<section class=\"vc_row wpb_row vc_row-fluid\"><div class=\"wpb_column vc_column_container vc_col-sm-12  col-xs-mobile-fullwidth\"><div class=\"vc_column-inner\"><div class=\"wpb_wrapper\"><div class=\"vc_row wpb_row vc_inner vc_row-fluid\"><div class=\"wpb_column vc_column_container vc_col-sm-2 vc_col-lg-2 vc_col-md-3 vc_hidden-xs col-xs-mobile-fullwidth\"><div class=\"vc_column-inner\"><div class=\"wpb_wrapper\"><\/div><\/div><\/div><div class=\"wpb_column vc_column_container vc_col-sm-8 vc_col-lg-8 vc_col-md-6 vc_col-xs-12 text-center pofo-column-responsive-69dd7ee52045a\"><div class=\"vc_column-inner vc_custom_1509776715579\"><div class=\"wpb_wrapper\"><div class=\"text-medium-gray text-small margin-5px-bottom alt-font text-uppercase heading-style4  vc_custom_1746963673740  heading-1\"  style=\"font-size: 12px; line-height: 20px;\" data-fontsize=\"12px\" data-lineheight=\"20px\">Unlimited customization possibilities<\/div><h5 class=\"text-extra-dark-gray margin-20px-bottom font-weight-600 display-inline-block alt-font heading-style2  vc_custom_1746963689100  heading-2\" >Pixel perfect design and clear code delivered to your projects<\/h5><\/div><\/div><\/div><div class=\"wpb_column vc_column_container vc_col-sm-2 vc_col-lg-2 vc_col-md-3 vc_hidden-xs col-xs-mobile-fullwidth\"><div class=\"vc_column-inner\"><div class=\"wpb_wrapper\"><\/div><\/div><\/div><\/div><div class=\"vc_row wpb_row vc_inner vc_row-fluid\"><div class=\"wpb_column vc_column_container vc_col-sm-4 vc_col-md-4 vc_col-xs-12 wow fadeInUp xs-text-center pofo-column-responsive-69dd7ee5205ac\"><div class=\"vc_column-inner\"><div class=\"wpb_wrapper\"><div class=\"featurebox35 pofo-featurebox featurebox35-1\" ><div class=\"margin-ten-bottom overflow-hidden image-hover-style-1 sm-margin-20px-bottom\"><a class=\"feature-image-link\" href=\"https:\/\/softechsource.com\/en\/artificial-intelligence-solutions\/\"><img fetchpriority=\"high\" decoding=\"async\" src=\"https:\/\/softechsource.com\/wp-content\/uploads\/2024\/01\/service001.png\" width=\"360\" height=\"260\"  alt=\"\" srcset=\"https:\/\/softechsource.com\/wp-content\/uploads\/2024\/01\/service001.png 360w, https:\/\/softechsource.com\/wp-content\/uploads\/2024\/01\/service001-300x217.png 300w, https:\/\/softechsource.com\/wp-content\/uploads\/2024\/01\/service001-120x87.png 120w, https:\/\/softechsource.com\/wp-content\/uploads\/2024\/01\/service001-81x59.png 81w\" sizes=\"(max-width: 360px) 100vw, 360px\" class=\"icon-image\"\/><\/a><\/div><span class=\"alt-font margin-5px-bottom display-block text-extra-dark-gray font-weight-600 text-small\">Artificial Intelligence Solutions<\/span><div><p><span style=\"font-weight: 400;\">At STS, we don\u2019t just offer services; we provide a gateway to a future where intelligent solutions.<\/span><\/p>\n<\/div><div class=\"separator-line-horrizontal-medium-light2 bg-extra-light-gray margin-20px-bottom xs-margin-15px-bottom width-100\"><\/div><a class=\"pofo-info-link alt-font text-extra-dark-gray font-weight-600 text-extra-small\" target=\"_self\" href=\"https:\/\/softechsource.com\/en\/artificial-intelligence-solutions\/\">VISIT Artificial Intelligence Solutions<i class=\"fas fa-long-arrow-alt-right margin-5px-left text-deep-pink text-medium position-relative top-2\" aria-hidden=\"true\"><\/i><\/a><\/div><\/div><\/div><\/div><div class=\"wpb_column vc_column_container vc_col-sm-4 vc_col-md-4 vc_col-xs-12 wow fadeInUp xs-text-center pofo-column-responsive-69dd7ee520b1b\" data-wow-delay= \"200ms\"><div class=\"vc_column-inner\"><div class=\"wpb_wrapper\"><div class=\"featurebox35 pofo-featurebox featurebox35-2\" ><div class=\"margin-ten-bottom overflow-hidden image-hover-style-1 sm-margin-20px-bottom\"><a class=\"feature-image-link\" href=\"https:\/\/softechsource.com\/en\/devops-solutions\/\"><img decoding=\"async\" src=\"https:\/\/softechsource.com\/wp-content\/uploads\/2024\/01\/dvob-service.png\" width=\"700\" height=\"506\"  alt=\"\" srcset=\"https:\/\/softechsource.com\/wp-content\/uploads\/2024\/01\/dvob-service.png 700w, https:\/\/softechsource.com\/wp-content\/uploads\/2024\/01\/dvob-service-300x217.png 300w, https:\/\/softechsource.com\/wp-content\/uploads\/2024\/01\/dvob-service-120x87.png 120w, https:\/\/softechsource.com\/wp-content\/uploads\/2024\/01\/dvob-service-81x59.png 81w\" sizes=\"(max-width: 700px) 100vw, 700px\" class=\"icon-image\"\/><\/a><\/div><span class=\"alt-font margin-5px-bottom display-block text-extra-dark-gray font-weight-600 text-small\">DevOps Solutions<\/span><div><p><span style=\"font-weight: 400;\">At STS, we understand the importance of seamless software development and delivery processes.<\/span><\/p>\n<\/div><div class=\"separator-line-horrizontal-medium-light2 bg-extra-light-gray margin-20px-bottom xs-margin-15px-bottom width-100\"><\/div><a class=\"pofo-info-link alt-font text-extra-dark-gray font-weight-600 text-extra-small\" target=\"_self\" href=\"https:\/\/softechsource.com\/en\/devops-solutions\/\">VISIT Agile DevOps Solutions<i class=\"fas fa-long-arrow-alt-right margin-5px-left text-deep-pink text-medium position-relative top-2\" aria-hidden=\"true\"><\/i><\/a><\/div><\/div><\/div><\/div><div class=\"wpb_column vc_column_container vc_col-sm-4 vc_col-md-4 vc_col-xs-12 wow fadeInUp xs-text-center\" data-wow-delay= \"400ms\"><div class=\"vc_column-inner\"><div class=\"wpb_wrapper\"><div class=\"featurebox35 pofo-featurebox featurebox35-3\" ><div class=\"margin-ten-bottom overflow-hidden image-hover-style-1 sm-margin-20px-bottom\"><a class=\"feature-image-link\" href=\"https:\/\/softechsource.com\/en\/data-analytics\/\"><img decoding=\"async\" src=\"https:\/\/softechsource.com\/wp-content\/uploads\/2024\/01\/data-002.png\" width=\"360\" height=\"260\"  alt=\"\" srcset=\"https:\/\/softechsource.com\/wp-content\/uploads\/2024\/01\/data-002.png 360w, https:\/\/softechsource.com\/wp-content\/uploads\/2024\/01\/data-002-300x217.png 300w, https:\/\/softechsource.com\/wp-content\/uploads\/2024\/01\/data-002-120x87.png 120w, https:\/\/softechsource.com\/wp-content\/uploads\/2024\/01\/data-002-81x59.png 81w\" sizes=\"(max-width: 360px) 100vw, 360px\" class=\"icon-image\"\/><\/a><\/div><span class=\"alt-font margin-5px-bottom display-block text-extra-dark-gray font-weight-600 text-small\">Data Analytics<\/span><div><p><span style=\"font-weight: 400;\">SofTech Source helps organisations build their data management and analytics strategy.<\/span><\/p>\n<\/div><div class=\"separator-line-horrizontal-medium-light2 bg-extra-light-gray margin-20px-bottom xs-margin-15px-bottom width-100\"><\/div><a class=\"pofo-info-link alt-font text-extra-dark-gray font-weight-600 text-extra-small\" target=\"_self\" href=\"https:\/\/softechsource.com\/en\/data-analytics\/\">VISIT DATA ANALYTICS<i class=\"fas fa-long-arrow-alt-right margin-5px-left text-deep-pink text-medium position-relative top-2\" aria-hidden=\"true\"><\/i><\/a><\/div><\/div><\/div><\/div><\/div><\/div><\/div><\/div><\/section>","protected":false},"excerpt":{"rendered":"Unbegrenzte Anpassungsm\u00f6glichkeitenPixelgenaues Design und klarer Code f\u00fcr Ihre ProjekteK\u00fcnstlicher Intelligenz L\u00f6sungenBei STS bieten wir nicht nur Dienstleistungen an, sondern auch ein Tor zu einer Zukunft mit intelligenten L\u00f6sungen. besuchen Sie K\u00fcnstlicher Intelligenz L\u00f6sungenDevOps-L\u00f6sungenWir bei STS wissen, wie wichtig nahtlose Softwareentwicklungs- und Lieferprozesse sind. besuchen Sie DevOps-L\u00f6sungenDatenanalyseSTS unterst\u00fctzt Unternehmen beim Aufbau ihrer Datenmanagement- und Analysestrategie. besuchen Sie Datenanalyse","protected":false},"author":1,"featured_media":0,"parent":0,"menu_order":0,"comment_status":"closed","ping_status":"closed","template":"","meta":{"footnotes":""},"class_list":["post-5567","page","type-page","status-publish","hentry"],"yoast_head":"<!-- This site is optimized with the Yoast SEO plugin v25.3.1 - https:\/\/yoast.com\/wordpress\/plugins\/seo\/ -->\n<title>Dienstleistungen - Softech Source<\/title>\n<meta name=\"robots\" content=\"index, follow, max-snippet:-1, max-image-preview:large, max-video-preview:-1\" \/>\n<link rel=\"canonical\" href=\"https:\/\/softechsource.com\/en\/services\/\" \/>\n<meta property=\"og:locale\" content=\"en_US\" \/>\n<meta property=\"og:type\" content=\"article\" \/>\n<meta property=\"og:title\" content=\"Dienstleistungen - Softech Source\" \/>\n<meta property=\"og:url\" content=\"https:\/\/softechsource.com\/en\/services\/\" \/>\n<meta property=\"og:site_name\" content=\"Softech Source\" \/>\n<meta property=\"article:modified_time\" content=\"2025-05-24T11:09:51+00:00\" \/>\n<meta name=\"twitter:card\" content=\"summary_large_image\" \/>\n<meta name=\"twitter:label1\" content=\"Est. reading time\" \/>\n\t<meta name=\"twitter:data1\" content=\"4 minutes\" \/>\n<script type=\"application\/ld+json\" class=\"yoast-schema-graph\">{\"@context\":\"https:\/\/schema.org\",\"@graph\":[{\"@type\":\"WebPage\",\"@id\":\"https:\/\/softechsource.com\/services\/\",\"url\":\"https:\/\/softechsource.com\/services\/\",\"name\":\"Dienstleistungen - Softech Source\",\"isPartOf\":{\"@id\":\"https:\/\/softechsource.com\/#website\"},\"datePublished\":\"2017-08-08T10:09:05+00:00\",\"dateModified\":\"2025-05-24T11:09:51+00:00\",\"breadcrumb\":{\"@id\":\"https:\/\/softechsource.com\/services\/#breadcrumb\"},\"inLanguage\":\"en-US\",\"potentialAction\":[{\"@type\":\"ReadAction\",\"target\":[\"https:\/\/softechsource.com\/services\/\"]}]},{\"@type\":\"BreadcrumbList\",\"@id\":\"https:\/\/softechsource.com\/services\/#breadcrumb\",\"itemListElement\":[{\"@type\":\"ListItem\",\"position\":1,\"name\":\"Home\",\"item\":\"https:\/\/softechsource.com\/\"},{\"@type\":\"ListItem\",\"position\":2,\"name\":\"Dienstleistungen\"}]},{\"@type\":\"WebSite\",\"@id\":\"https:\/\/softechsource.com\/#website\",\"url\":\"https:\/\/softechsource.com\/\",\"name\":\"Softech Source\",\"description\":\"\",\"publisher\":{\"@id\":\"https:\/\/softechsource.com\/#organization\"},\"potentialAction\":[{\"@type\":\"SearchAction\",\"target\":{\"@type\":\"EntryPoint\",\"urlTemplate\":\"https:\/\/softechsource.com\/?s={search_term_string}\"},\"query-input\":{\"@type\":\"PropertyValueSpecification\",\"valueRequired\":true,\"valueName\":\"search_term_string\"}}],\"inLanguage\":\"en-US\"},{\"@type\":\"Organization\",\"@id\":\"https:\/\/softechsource.com\/#organization\",\"name\":\"Softech Source\",\"url\":\"https:\/\/softechsource.com\/\",\"logo\":{\"@type\":\"ImageObject\",\"inLanguage\":\"en-US\",\"@id\":\"https:\/\/softechsource.com\/#\/schema\/logo\/image\/\",\"url\":\"https:\/\/softechsource.com\/wp-content\/uploads\/2023\/11\/upload-logo.png\",\"contentUrl\":\"https:\/\/softechsource.com\/wp-content\/uploads\/2023\/11\/upload-logo.png\",\"width\":400,\"height\":212,\"caption\":\"Softech Source\"},\"image\":{\"@id\":\"https:\/\/softechsource.com\/#\/schema\/logo\/image\/\"}}]}<\/script>\n<!-- \/ Yoast SEO plugin. -->","yoast_head_json":{"title":"Dienstleistungen - Softech Source","robots":{"index":"index","follow":"follow","max-snippet":"max-snippet:-1","max-image-preview":"max-image-preview:large","max-video-preview":"max-video-preview:-1"},"canonical":"https:\/\/softechsource.com\/en\/services\/","og_locale":"en_US","og_type":"article","og_title":"Dienstleistungen - Softech Source","og_url":"https:\/\/softechsource.com\/en\/services\/","og_site_name":"Softech Source","article_modified_time":"2025-05-24T11:09:51+00:00","twitter_card":"summary_large_image","twitter_misc":{"Est. reading time":"4 minutes"},"schema":{"@context":"https:\/\/schema.org","@graph":[{"@type":"WebPage","@id":"https:\/\/softechsource.com\/services\/","url":"https:\/\/softechsource.com\/services\/","name":"Dienstleistungen - Softech Source","isPartOf":{"@id":"https:\/\/softechsource.com\/#website"},"datePublished":"2017-08-08T10:09:05+00:00","dateModified":"2025-05-24T11:09:51+00:00","breadcrumb":{"@id":"https:\/\/softechsource.com\/services\/#breadcrumb"},"inLanguage":"en-US","potentialAction":[{"@type":"ReadAction","target":["https:\/\/softechsource.com\/services\/"]}]},{"@type":"BreadcrumbList","@id":"https:\/\/softechsource.com\/services\/#breadcrumb","itemListElement":[{"@type":"ListItem","position":1,"name":"Home","item":"https:\/\/softechsource.com\/"},{"@type":"ListItem","position":2,"name":"Dienstleistungen"}]},{"@type":"WebSite","@id":"https:\/\/softechsource.com\/#website","url":"https:\/\/softechsource.com\/","name":"Softech Source","description":"","publisher":{"@id":"https:\/\/softechsource.com\/#organization"},"potentialAction":[{"@type":"SearchAction","target":{"@type":"EntryPoint","urlTemplate":"https:\/\/softechsource.com\/?s={search_term_string}"},"query-input":{"@type":"PropertyValueSpecification","valueRequired":true,"valueName":"search_term_string"}}],"inLanguage":"en-US"},{"@type":"Organization","@id":"https:\/\/softechsource.com\/#organization","name":"Softech Source","url":"https:\/\/softechsource.com\/","logo":{"@type":"ImageObject","inLanguage":"en-US","@id":"https:\/\/softechsource.com\/#\/schema\/logo\/image\/","url":"https:\/\/softechsource.com\/wp-content\/uploads\/2023\/11\/upload-logo.png","contentUrl":"https:\/\/softechsource.com\/wp-content\/uploads\/2023\/11\/upload-logo.png","width":400,"height":212,"caption":"Softech Source"},"image":{"@id":"https:\/\/softechsource.com\/#\/schema\/logo\/image\/"}}]}},"_links":{"self":[{"href":"https:\/\/softechsource.com\/en\/wp-json\/wp\/v2\/pages\/5567"}],"collection":[{"href":"https:\/\/softechsource.com\/en\/wp-json\/wp\/v2\/pages"}],"about":[{"href":"https:\/\/softechsource.com\/en\/wp-json\/wp\/v2\/types\/page"}],"author":[{"embeddable":true,"href":"https:\/\/softechsource.com\/en\/wp-json\/wp\/v2\/users\/1"}],"replies":[{"embeddable":true,"href":"https:\/\/softechsource.com\/en\/wp-json\/wp\/v2\/comments?post=5567"}],"version-history":[{"count":29,"href":"https:\/\/softechsource.com\/en\/wp-json\/wp\/v2\/pages\/5567\/revisions"}],"predecessor-version":[{"id":23517,"href":"https:\/\/softechsource.com\/en\/wp-json\/wp\/v2\/pages\/5567\/revisions\/23517"}],"wp:attachment":[{"href":"https:\/\/softechsource.com\/en\/wp-json\/wp\/v2\/media?parent=5567"}],"curies":[{"name":"wp","href":"https:\/\/api.w.org\/{rel}","templated":true}]}}