{"id":5554,"date":"2017-08-08T10:06:23","date_gmt":"2017-08-08T10:06:23","guid":{"rendered":"https:\/\/pofo.themezaa.com\/?page_id=5554"},"modified":"2025-05-11T15:53:16","modified_gmt":"2025-05-11T14:53:16","slug":"about","status":"publish","type":"page","link":"https:\/\/softechsource.com\/en\/about\/","title":{"rendered":"About us"},"content":{"rendered":"<section class=\"vc_row wpb_row vc_row-fluid   wow fadeIn\"><div class=\"wpb_column vc_column_container vc_col-sm-12  col-xs-mobile-fullwidth\"><div class=\"vc_column-inner\"><div class=\"wpb_wrapper\"><div class=\"vc_row wpb_row vc_inner vc_row-fluid   vc_row-o-equal-height vc_row-o-content-middle vc_row-flex\"><div class=\"wpb_column vc_column_container vc_col-sm-12 vc_col-md-5 vc_col-xs-12 wow fadeInLeft text-center pofo-column-responsive-69dd9a6eccb6c\"><div class=\"vc_column-inner\"><div class=\"wpb_wrapper\">\n\t<div  class=\"wpb_single_image wpb_content_element vc_align_center\">\n\t\t\n\t\t<figure class=\"wpb_wrapper vc_figure\">\n\t\t\t<div class=\"vc_single_image-wrapper vc_box_rounded  vc_box_border_grey\"><img fetchpriority=\"high\" decoding=\"async\" class=\"vc_single_image-img\" src=\"https:\/\/softechsource.com\/wp-content\/uploads\/2023\/12\/about-main-400x300.png\" width=\"400\" height=\"300\" alt=\"about-main\" title=\"about-main\" \/><\/div>\n\t\t<\/figure>\n\t<\/div>\n<\/div><\/div><\/div><div class=\"wpb_column vc_column_container vc_col-sm-12 vc_col-md-7 vc_col-xs-12 wow fadeInRight sm-text-center pofo-column-responsive-69dd9a6ecd472\"><div class=\"vc_column-inner vc_custom_1507545381822\"><div class=\"wpb_wrapper\"><h6 class=\"text-extra-dark-gray margin-20px-bottom font-weight-600 display-inline-block alt-font heading-style2  heading-1\"  style=\"font-weight: 500;\">SofTech Source<\/h6><div class=\"last-paragraph-no-margin\"><div class=\"wpb_text_column wpb_content_element\">\n<div class=\"wpb_wrapper\">\n<p><span style=\"font-weight: 400;\">We specialize in creating cutting-edge software solutions that leverage the power of Artificial Intelligence. Our expert team creates cloud-based innovative software solutions to propel your company forward in the digital landscape. Let us transform your ideas into cutting-edge applications and drive your success in the modern era.<\/span><\/p>\n<\/div>\n<\/div>\n<\/div><h6 class=\"text-extra-dark-gray margin-20px-bottom font-weight-600 display-inline-block alt-font heading-style2  vc_custom_1746712516030  heading-2\"  style=\"font-weight: 500;\">Who are we<\/h6><div class=\"last-paragraph-no-margin\"><p><span style=\"font-weight: 400;\">At SofTech Source we are a team of Machine Learning, DevOps Engineers and Full-Stack Software Developers including Web and Mobile Developers, committed to delivering solutions and ensuring your ideas are transformed into powerful, cutting-edge applications. Our team has a diverse skill set with multiple years of industrial experience in different IT sectors. We follow Agile methodologies and strive for the best and optimal solution for our valued Customers.<\/span><\/p>\n<\/div><\/div><\/div><\/div><\/div><div class=\"vc_row wpb_row vc_inner vc_row-fluid  vc_custom_1745659263565 vc_row-has-fill\"><div class=\"wpb_column vc_column_container vc_col-sm-12  col-xs-mobile-fullwidth\"><div class=\"vc_column-inner\"><div class=\"wpb_wrapper\"><div class=\"separator-line-horrizontal-full bg-extra-light-gray center-col pofo-separator  vc_custom_1507542669698\" style=\"background-color:#e0e0e0;\"><\/div><\/div><\/div><\/div><\/div><div class=\"vc_row wpb_row vc_inner vc_row-fluid  vc_custom_1745659878612\"><div class=\"wpb_column vc_column_container  col-xs-mobile-fullwidth xs-text-center\"><div class=\"vc_column-inner\"><div class=\"wpb_wrapper\"><h6 class=\"text-extra-dark-gray margin-20px-bottom font-weight-600 display-inline-block alt-font heading-style2  heading-3\"  style=\"font-weight: 600;\">Our Services<\/h6><\/div><\/div><\/div><div class=\"wpb_column vc_column_container vc_col-sm-6  col-xs-mobile-fullwidth\"><div class=\"vc_column-inner vc_custom_1745659897421\"><div class=\"wpb_wrapper\"><div class=\"featurebox5 pofo-featurebox feature-box-5 position-relative featurebox5-1\" ><i class=\"link-icon text-medium-gray fab fa-airbnb icon-extra-medium\"><\/i><div class=\"feature-content\"><div class=\"text-extra-dark-gray margin-5px-bottom alt-font font-weight-600\">Artificial Intelligence Solutions<\/div><div class=\"last-paragraph-no-margin width-70 md-width-100\"><p><span style=\"font-weight: 400;\">At STS, we don\u2019t just offer services; we provide a gateway to a future where intelligent solutions.<\/span><\/p>\n<\/div><\/div><\/div><\/div><\/div><\/div><div class=\"wpb_column vc_column_container vc_col-sm-6  col-xs-mobile-fullwidth\"><div class=\"vc_column-inner vc_custom_1745659917150\"><div class=\"wpb_wrapper\"><div class=\"featurebox5 pofo-featurebox feature-box-5 position-relative featurebox5-2\" ><i class=\"link-icon text-medium-gray icon-dribbble icon-extra-medium\"><\/i><div class=\"feature-content\"><div class=\"text-extra-dark-gray margin-5px-bottom alt-font font-weight-600\">DevOps Solutions<\/div><div class=\"last-paragraph-no-margin width-70 md-width-100\"><p><span style=\"font-weight: 400;\">At STS, we understand the importance of seamless software development and delivery processes.<\/span><\/p>\n<\/div><\/div><\/div><\/div><\/div><\/div><\/div><div class=\"vc_row wpb_row vc_inner vc_row-fluid  vc_custom_1745659170718 vc_row-has-fill\"><div class=\"wpb_column vc_column_container vc_col-sm-6  col-xs-mobile-fullwidth pofo-column-responsive-69dd9a6ecdcc1\"><div class=\"vc_column-inner vc_custom_1745659906422\"><div class=\"wpb_wrapper\"><div class=\"featurebox5 pofo-featurebox feature-box-5 position-relative featurebox5-3\" ><i class=\"link-icon text-medium-gray icon-layers icon-extra-medium\"><\/i><div class=\"feature-content\"><div class=\"text-extra-dark-gray margin-5px-bottom alt-font font-weight-600\">Data Analytics<\/div><div class=\"last-paragraph-no-margin width-70 md-width-100\"><p><span style=\"font-weight: 400;\">SofTech Source helps organisations build their data management and analytics strategy.<\/span><\/p>\n<\/div><\/div><\/div><\/div><\/div><\/div><div class=\"wpb_column vc_column_container vc_col-sm-6  col-xs-mobile-fullwidth\"><div class=\"vc_column-inner\"><div class=\"wpb_wrapper\"><\/div><\/div><\/div><\/div><\/div><\/div><\/div><\/section><section class=\"vc_row wpb_row vc_row-fluid  vc_custom_1745659349765 wow fadeIn vc_row-has-fill\"><div class=\"wpb_column vc_column_container vc_col-has-fill vc_col-sm-12  col-xs-mobile-fullwidth\"><div class=\"vc_column-inner vc_custom_1745659104774\"><div class=\"wpb_wrapper\"><div class=\"vc_row wpb_row vc_inner vc_row-fluid  vc_custom_1745658762301 vc_row-has-fill vc_row-o-equal-height vc_row-o-content-middle vc_row-flex\"><div class=\"wpb_column vc_column_container vc_col-has-fill vc_col-sm-12 vc_col-md-7 vc_col-xs-12 wow fadeInLeft sm-text-center pofo-column-responsive-69dd9a6ece0ae\"><div class=\"vc_column-inner vc_custom_1745659459630\"><div class=\"wpb_wrapper\"><h6 class=\"text-extra-dark-gray margin-20px-bottom font-weight-600 display-inline-block alt-font heading-style2  heading-4\"  style=\"font-weight: 500;\">Our Vision And Goal<\/h6><div class=\"last-paragraph-no-margin pofo-text-block-responsive-69dd9a6ece167\"><p><span style=\"font-weight: 400;\">Our ultimate goal and vision is the success and business growth of our clients. In order to achieve this, we provide the best solutions which meet the client demands\/needs and ultimately results in business growth. Our ultimate goal is the satisfied client, in addition we give our best so that our Clients\u2019 business meets their target, goal and the requirements of a dynamic market.<\/span><\/p>\n<\/div><\/div><\/div><\/div><div class=\"wpb_column vc_column_container vc_col-sm-12 vc_col-md-5 vc_col-xs-12 wow fadeInRight text-center pofo-column-responsive-69dd9a6ece21d\"><div class=\"vc_column-inner\"><div class=\"wpb_wrapper\">\n\t<div  class=\"wpb_single_image wpb_content_element vc_align_center  vc_custom_1745669922601\">\n\t\t\n\t\t<figure class=\"wpb_wrapper vc_figure\">\n\t\t\t<div class=\"vc_single_image-wrapper vc_box_rounded  vc_box_border_grey\"><img decoding=\"async\" class=\"vc_single_image-img\" src=\"https:\/\/softechsource.com\/wp-content\/uploads\/2024\/01\/hand-touching-digital-info-graphics-with-cloud-computing-technology-icons-1-scaled-400x300.jpg\" width=\"400\" height=\"300\" alt=\"hand-touching-digital-info-graphics-with-cloud-computing-technology-icons (1)\" title=\"hand-touching-digital-info-graphics-with-cloud-computing-technology-icons (1)\" \/><\/div>\n\t\t<\/figure>\n\t<\/div>\n<\/div><\/div><\/div><\/div><div class=\"vc_row wpb_row vc_inner vc_row-fluid\"><div class=\"wpb_column vc_column_container vc_col-sm-12  col-xs-mobile-fullwidth\"><div class=\"vc_column-inner\"><div class=\"wpb_wrapper\"><div class=\"separator-line-horrizontal-full bg-extra-light-gray center-col pofo-separator  vc_custom_1507542669698\" style=\"background-color:#e0e0e0;\"><\/div><\/div><\/div><\/div><\/div><div class=\"vc_row wpb_row vc_inner vc_row-fluid  vc_custom_1745659966301 vc_row-o-equal-height vc_row-o-content-middle vc_row-flex\"><div class=\"wpb_column vc_column_container vc_col-sm-12 vc_col-md-5 vc_col-xs-12 wow fadeInLeft text-center pofo-column-responsive-69dd9a6ece965\"><div class=\"vc_column-inner\"><div class=\"wpb_wrapper\">\n\t<div  class=\"wpb_single_image wpb_content_element vc_align_center\">\n\t\t\n\t\t<figure class=\"wpb_wrapper vc_figure\">\n\t\t\t<div class=\"vc_single_image-wrapper vc_box_rounded  vc_box_border_grey\"><img decoding=\"async\" class=\"vc_single_image-img\" src=\"https:\/\/softechsource.com\/wp-content\/uploads\/2023\/12\/Why-Choose-us-400x300.png\" width=\"400\" height=\"300\" alt=\"Why-Choose-us\" title=\"Why-Choose-us\" \/><\/div>\n\t\t<\/figure>\n\t<\/div>\n<\/div><\/div><\/div><div class=\"wpb_column vc_column_container vc_col-sm-12 vc_col-md-7 vc_col-xs-12 wow fadeInRight sm-text-center pofo-column-responsive-69dd9a6ecee18\"><div class=\"vc_column-inner vc_custom_1507545381822\"><div class=\"wpb_wrapper\"><h6 class=\"text-extra-dark-gray margin-20px-bottom font-weight-600 display-inline-block alt-font heading-style2  heading-5\"  style=\"font-weight: 500;\">Why Choose Us<\/h6><div class=\"last-paragraph-no-margin\"><div class=\"wpb_text_column wpb_content_element\">\n<div class=\"wpb_wrapper\">\n<p><span style=\"font-weight: 400;\">We are an experienced and motivated team doing our best to fulfil the requirements of our clients by providing the timely developed quality solutions. Our ultimate vision is to satisfy the clients by accomplishing their required results and in order to achieve this we are open to change and ready to negotiate at any phase of the project. We are curious about learning new technologies, give suggestions, think out of the box and provide innovative solutions. Diverse skill set and experienced team is our strength, which helps us to fulfil our valued clients\u2019 dynamic needs with quality and in time.<\/span><\/p>\n<\/div>\n<\/div>\n<\/div><\/div><\/div><\/div><\/div><\/div><\/div><\/div><\/section>","protected":false},"excerpt":{"rendered":"SofTech Source Wir sind darauf spezialisiert, innovative Softwarel\u00f6sungen zu entwickeln, die die M\u00f6glichkeiten der k\u00fcnstlichen Intelligenz nutzen. Unser Expertenteam entwickelt Cloud-basierte innovative Softwarel\u00f6sungen, die Ihr Unternehmen in der digitalen Landschaft voranbringen. Lassen Sie uns Ihre Ideen in hochmoderne Anwendungen verwandeln und Ihren Erfolg im modernen Zeitalter vorantreiben. Wer sind wirWir von SofTech Source sind ein Team von Ingenieuren f\u00fcr maschinelles Lernen, DevOps und Full-Stack-Software-Entwicklern, einschlie\u00dflich Web- und Mobile-Entwicklern, die sich der Bereitstellung von L\u00f6sungen verschrieben haben und sicherstellen, dass Ihre Ideen in leistungsstarke, innovative Anwendungen umgesetzt werden. Unser Team verf\u00fcgt \u00fcber vielf\u00e4ltige F\u00e4higkeiten mit mehrj\u00e4hriger Industrieerfahrung in verschiedenen IT-Bereichen. Wir arbeiten nach agilen Methoden und streben nach der besten und optimalen L\u00f6sung f\u00fcr unsere gesch\u00e4tzten Kunden. Unsere DienstleistungenK\u00fcnstlicher Intelligenz L\u00f6sungenBei STS bieten wir nicht nur Dienstleistungen an, sondern auch ein Tor zu einer Zukunft mit intelligenten L\u00f6sungen. DevOps-L\u00f6sungenWir bei STS wissen, wie wichtig nahtlose Softwareentwicklungs- und Lieferprozesse sind. DatenanalyseSTS unterst\u00fctzt Unternehmen beim Aufbau ihrer Datenmanagement- und Analysestrategie. Unsere Vision und unser ZielUnser oberstes Ziel und unsere Vision sind der Erfolg und das Gesch\u00e4ftswachstum unserer Kunden. Um dies zu erreichen, bieten wir die besten L\u00f6sungen an, die den Anforderungen\/Bed\u00fcrfnissen unserer Kunden entsprechen und letztendlich zu einem Gesch\u00e4ftswachstum f\u00fchren. Unser oberstes Ziel...","protected":false},"author":1,"featured_media":0,"parent":0,"menu_order":0,"comment_status":"closed","ping_status":"closed","template":"","meta":{"footnotes":""},"class_list":["post-5554","page","type-page","status-publish","hentry"],"yoast_head":"<!-- This site is optimized with the Yoast SEO plugin v25.3.1 - https:\/\/yoast.com\/wordpress\/plugins\/seo\/ -->\n<title>\u00dcber uns - Softech Source<\/title>\n<meta name=\"robots\" content=\"index, follow, max-snippet:-1, max-image-preview:large, max-video-preview:-1\" \/>\n<link rel=\"canonical\" href=\"https:\/\/softechsource.com\/en\/about\/\" \/>\n<meta property=\"og:locale\" content=\"en_US\" \/>\n<meta property=\"og:type\" content=\"article\" \/>\n<meta property=\"og:title\" content=\"\u00dcber uns - Softech Source\" \/>\n<meta property=\"og:url\" content=\"https:\/\/softechsource.com\/en\/about\/\" \/>\n<meta property=\"og:site_name\" content=\"Softech Source\" \/>\n<meta property=\"article:modified_time\" content=\"2025-05-11T14:53:16+00:00\" \/>\n<meta name=\"twitter:card\" content=\"summary_large_image\" \/>\n<meta name=\"twitter:label1\" content=\"Est. reading time\" \/>\n\t<meta name=\"twitter:data1\" content=\"4 minutes\" \/>\n<script type=\"application\/ld+json\" class=\"yoast-schema-graph\">{\"@context\":\"https:\/\/schema.org\",\"@graph\":[{\"@type\":\"WebPage\",\"@id\":\"https:\/\/softechsource.com\/about\/\",\"url\":\"https:\/\/softechsource.com\/about\/\",\"name\":\"\u00dcber uns - Softech Source\",\"isPartOf\":{\"@id\":\"https:\/\/softechsource.com\/#website\"},\"datePublished\":\"2017-08-08T10:06:23+00:00\",\"dateModified\":\"2025-05-11T14:53:16+00:00\",\"breadcrumb\":{\"@id\":\"https:\/\/softechsource.com\/about\/#breadcrumb\"},\"inLanguage\":\"en-US\",\"potentialAction\":[{\"@type\":\"ReadAction\",\"target\":[\"https:\/\/softechsource.com\/about\/\"]}]},{\"@type\":\"BreadcrumbList\",\"@id\":\"https:\/\/softechsource.com\/about\/#breadcrumb\",\"itemListElement\":[{\"@type\":\"ListItem\",\"position\":1,\"name\":\"Home\",\"item\":\"https:\/\/softechsource.com\/\"},{\"@type\":\"ListItem\",\"position\":2,\"name\":\"\u00dcber uns\"}]},{\"@type\":\"WebSite\",\"@id\":\"https:\/\/softechsource.com\/#website\",\"url\":\"https:\/\/softechsource.com\/\",\"name\":\"Softech Source\",\"description\":\"\",\"publisher\":{\"@id\":\"https:\/\/softechsource.com\/#organization\"},\"potentialAction\":[{\"@type\":\"SearchAction\",\"target\":{\"@type\":\"EntryPoint\",\"urlTemplate\":\"https:\/\/softechsource.com\/?s={search_term_string}\"},\"query-input\":{\"@type\":\"PropertyValueSpecification\",\"valueRequired\":true,\"valueName\":\"search_term_string\"}}],\"inLanguage\":\"en-US\"},{\"@type\":\"Organization\",\"@id\":\"https:\/\/softechsource.com\/#organization\",\"name\":\"Softech Source\",\"url\":\"https:\/\/softechsource.com\/\",\"logo\":{\"@type\":\"ImageObject\",\"inLanguage\":\"en-US\",\"@id\":\"https:\/\/softechsource.com\/#\/schema\/logo\/image\/\",\"url\":\"https:\/\/softechsource.com\/wp-content\/uploads\/2023\/11\/upload-logo.png\",\"contentUrl\":\"https:\/\/softechsource.com\/wp-content\/uploads\/2023\/11\/upload-logo.png\",\"width\":400,\"height\":212,\"caption\":\"Softech Source\"},\"image\":{\"@id\":\"https:\/\/softechsource.com\/#\/schema\/logo\/image\/\"}}]}<\/script>\n<!-- \/ Yoast SEO plugin. -->","yoast_head_json":{"title":"\u00dcber uns - Softech Source","robots":{"index":"index","follow":"follow","max-snippet":"max-snippet:-1","max-image-preview":"max-image-preview:large","max-video-preview":"max-video-preview:-1"},"canonical":"https:\/\/softechsource.com\/en\/about\/","og_locale":"en_US","og_type":"article","og_title":"\u00dcber uns - Softech Source","og_url":"https:\/\/softechsource.com\/en\/about\/","og_site_name":"Softech Source","article_modified_time":"2025-05-11T14:53:16+00:00","twitter_card":"summary_large_image","twitter_misc":{"Est. reading time":"4 minutes"},"schema":{"@context":"https:\/\/schema.org","@graph":[{"@type":"WebPage","@id":"https:\/\/softechsource.com\/about\/","url":"https:\/\/softechsource.com\/about\/","name":"\u00dcber uns - Softech Source","isPartOf":{"@id":"https:\/\/softechsource.com\/#website"},"datePublished":"2017-08-08T10:06:23+00:00","dateModified":"2025-05-11T14:53:16+00:00","breadcrumb":{"@id":"https:\/\/softechsource.com\/about\/#breadcrumb"},"inLanguage":"en-US","potentialAction":[{"@type":"ReadAction","target":["https:\/\/softechsource.com\/about\/"]}]},{"@type":"BreadcrumbList","@id":"https:\/\/softechsource.com\/about\/#breadcrumb","itemListElement":[{"@type":"ListItem","position":1,"name":"Home","item":"https:\/\/softechsource.com\/"},{"@type":"ListItem","position":2,"name":"\u00dcber uns"}]},{"@type":"WebSite","@id":"https:\/\/softechsource.com\/#website","url":"https:\/\/softechsource.com\/","name":"Softech Source","description":"","publisher":{"@id":"https:\/\/softechsource.com\/#organization"},"potentialAction":[{"@type":"SearchAction","target":{"@type":"EntryPoint","urlTemplate":"https:\/\/softechsource.com\/?s={search_term_string}"},"query-input":{"@type":"PropertyValueSpecification","valueRequired":true,"valueName":"search_term_string"}}],"inLanguage":"en-US"},{"@type":"Organization","@id":"https:\/\/softechsource.com\/#organization","name":"Softech Source","url":"https:\/\/softechsource.com\/","logo":{"@type":"ImageObject","inLanguage":"en-US","@id":"https:\/\/softechsource.com\/#\/schema\/logo\/image\/","url":"https:\/\/softechsource.com\/wp-content\/uploads\/2023\/11\/upload-logo.png","contentUrl":"https:\/\/softechsource.com\/wp-content\/uploads\/2023\/11\/upload-logo.png","width":400,"height":212,"caption":"Softech Source"},"image":{"@id":"https:\/\/softechsource.com\/#\/schema\/logo\/image\/"}}]}},"_links":{"self":[{"href":"https:\/\/softechsource.com\/en\/wp-json\/wp\/v2\/pages\/5554"}],"collection":[{"href":"https:\/\/softechsource.com\/en\/wp-json\/wp\/v2\/pages"}],"about":[{"href":"https:\/\/softechsource.com\/en\/wp-json\/wp\/v2\/types\/page"}],"author":[{"embeddable":true,"href":"https:\/\/softechsource.com\/en\/wp-json\/wp\/v2\/users\/1"}],"replies":[{"embeddable":true,"href":"https:\/\/softechsource.com\/en\/wp-json\/wp\/v2\/comments?post=5554"}],"version-history":[{"count":66,"href":"https:\/\/softechsource.com\/en\/wp-json\/wp\/v2\/pages\/5554\/revisions"}],"predecessor-version":[{"id":23190,"href":"https:\/\/softechsource.com\/en\/wp-json\/wp\/v2\/pages\/5554\/revisions\/23190"}],"wp:attachment":[{"href":"https:\/\/softechsource.com\/en\/wp-json\/wp\/v2\/media?parent=5554"}],"curies":[{"name":"wp","href":"https:\/\/api.w.org\/{rel}","templated":true}]}}