{"id":23134,"date":"2024-07-30T12:30:13","date_gmt":"2024-07-30T11:30:13","guid":{"rendered":"https:\/\/softechsource.com\/?page_id=23134"},"modified":"2025-05-11T15:42:41","modified_gmt":"2025-05-11T14:42:41","slug":"blog","status":"publish","type":"page","link":"https:\/\/softechsource.com\/en\/blog\/","title":{"rendered":"Blog"},"content":{"rendered":"<section class=\"vc_row wpb_row vc_row-fluid   wow fadeIn\"><div class=\"wpb_column vc_column_container vc_col-sm-12  col-xs-mobile-fullwidth\"><div class=\"vc_column-inner\"><div class=\"wpb_wrapper\">\n<div class=\"vc_grid-container-wrapper vc_clearfix vc_grid-animation-fadeIn\">\n\t<div class=\"vc_grid-container vc_clearfix wpb_content_element vc_basic_grid\" data-initial-loading-animation=\"fadeIn\" data-vc-grid-settings=\"{&quot;page_id&quot;:23134,&quot;style&quot;:&quot;all&quot;,&quot;action&quot;:&quot;vc_get_vc_grid_data&quot;,&quot;shortcode_id&quot;:&quot;1746026261267-1a4483ad-888f-1&quot;,&quot;tag&quot;:&quot;vc_basic_grid&quot;}\" data-vc-request=\"https:\/\/softechsource.com\/wp-admin\/admin-ajax.php\" data-vc-post-id=\"23134\" data-vc-public-nonce=\"a6ae578bc6\">\n\t\t<style data-type=\"vc_shortcodes-custom-css\">.vc_custom_1419328565352{background-color: #f4f4f4 !important;}.vc_custom_1419328603590{background-color: rgba(255,255,255,0.2) !important;*background-color: rgb(255,255,255) !important;}<\/style><div class=\"vc_grid vc_row vc_grid-gutter-30px vc_pageable-wrapper vc_hook_hover\" data-vc-pageable-content=\"true\"><div class=\"vc_pageable-slide-wrapper vc_clearfix\" data-vc-grid-content=\"true\"><div class=\"vc_grid-item vc_clearfix vc_col-sm-6 vc_grid-item-zone-c-bottom\"><div class=\"vc_grid-item-mini vc_clearfix\"><div class=\"vc_gitem-animated-block  vc_gitem-animate vc_gitem-animate-fadeIn\"  data-vc-animation=\"fadeIn\"><div class=\"vc_gitem-zone vc_gitem-zone-a vc_gitem-is-link\" style=\"background-image: url('https:\/\/softechsource.com\/wp-content\/uploads\/2024\/11\/AI-In-healthcare-STS-1024x576.jpg') !important;\"><a href=\"https:\/\/softechsource.com\/en\/ai-is-helping-doctors-detect-diseases-faster-and-more-accurately\/\" title=\"AI is helping doctors detect diseases faster and more accurately\" class=\"vc_gitem-link vc-zone-link\"><\/a><img decoding=\"async\" src=\"https:\/\/softechsource.com\/wp-content\/uploads\/2024\/11\/AI-In-healthcare-STS-1024x576.jpg\" class=\"vc_gitem-zone-img\" alt=\"\"><div class=\"vc_gitem-zone-mini\"><\/div><\/div><div class=\"vc_gitem-zone vc_gitem-zone-b vc_custom_1419328603590 vc-gitem-zone-height-mode-auto vc_gitem-is-link\"><a href=\"https:\/\/softechsource.com\/en\/ai-is-helping-doctors-detect-diseases-faster-and-more-accurately\/\" title=\"AI is helping doctors detect diseases faster and more accurately\" class=\"vc_gitem-link vc-zone-link\"><\/a><div class=\"vc_gitem-zone-mini\"><\/div><\/div><\/div><div class=\"vc_gitem-zone vc_gitem-zone-c vc_custom_1419328565352\"><div class=\"vc_gitem-zone-mini\"><div class=\"vc_gitem_row vc_row vc_gitem-row-position-top\"><div class=\"vc_col-sm-12 vc_gitem-col vc_gitem-col-align-\"><div class=\"vc_custom_heading vc_gitem-post-data vc_gitem-post-data-source-post_title\" ><h4 style=\"text-align: left\" >AI is helping doctors detect diseases faster and more accurately<\/h4><\/div><div class=\"vc_custom_heading vc_gitem-post-data vc_gitem-post-data-source-post_excerpt\" ><p style=\"text-align: left\" ><p>Werden wir KI vollst\u00e4ndig \u00fcbernehmen? In den letzten Jahren hat sich die k\u00fcnstliche Intelligenz (KI) zu einem Wendepunkt im Gesundheitswesen entwickelt und die Art und Weise, wie \u00c4rzte Krankheiten erkennen und diagnostizieren, grundlegend ver\u00e4ndert. Durch die Analyse medizinischer Bilder und die Interpretation von Patientendaten beschleunigt KI nicht nur den Diagnoseprozess, sondern verbessert auch dessen Genauigkeit und gibt \u00c4rzten leistungsstarke Werkzeuge an die Hand, um Leben zu retten und die Patientenversorgung zu verbessern. KI in der medizinischen Bildgebung: Eine neue \u00c4ra der Pr\u00e4zision Eine der wichtigsten Anwendungen von KI im Gesundheitswesen ist die medizinische Bildgebung. Seit Jahren verlassen sich \u00c4rzte und Radiologen auf R\u00f6ntgenaufnahmen, MRTs, CT-Scans und Ultraschalluntersuchungen, um Krankheiten wie Tumore, Knochenbr\u00fcche und Infektionen zu erkennen. Diese Bilder k\u00f6nnen jedoch sehr komplex sein, was es schwierig macht, Anomalien zu erkennen, insbesondere in den fr\u00fchen Stadien einer Krankheit. KI-gesteuerte Systeme sind nun in der Lage, medizinische Bilder mit bemerkenswerter Genauigkeit zu analysieren. Algorithmen des maschinellen Lernens, ein Teilbereich der KI, k\u00f6nnen Muster erkennen, die vom menschlichen Auge \u00fcbersehen werden k\u00f6nnten, und so einen zus\u00e4tzlichen Einblick gew\u00e4hren. In der Radiologie hat die KI beispielsweise beeindruckende Erfolge bei der Erkennung von fr\u00fchen Anzeichen von Krebs, wie Lungen- oder Brustkrebs, gezeigt, was die Wahrscheinlichkeit&#8230;<\/p>\n<\/p><\/div><div class=\"vc_btn3-container vc_btn3-left\"><a class=\"vc_general vc_btn3 vc_btn3-size-md vc_btn3-shape-rounded vc_btn3-style-flat vc_btn3-color-juicy-pink\" a href=\"https:\/\/softechsource.com\/en\/ai-is-helping-doctors-detect-diseases-faster-and-more-accurately\/\" title=\"Read more\">Read more<\/a><\/div><\/div><\/div><\/div><\/div><\/div><div class=\"vc_clearfix\"><\/div><\/div><div class=\"vc_grid-item vc_clearfix vc_col-sm-6 vc_grid-item-zone-c-bottom\"><div class=\"vc_grid-item-mini vc_clearfix\"><div class=\"vc_gitem-animated-block  vc_gitem-animate vc_gitem-animate-fadeIn\"  data-vc-animation=\"fadeIn\"><div class=\"vc_gitem-zone vc_gitem-zone-a vc_gitem-is-link\" style=\"background-image: url('https:\/\/softechsource.com\/wp-content\/uploads\/2024\/09\/E-Invoicing-Across-Borders-Navigating-Global-Standards-and-Regulations-1024x576.jpg') !important;\"><a href=\"https:\/\/softechsource.com\/en\/e-invoicing-across-borders-navigating-global-standards-and-regulations\/\" title=\"E-Invoicing Across Borders: Navigating Global Standards And Regulations\" class=\"vc_gitem-link vc-zone-link\"><\/a><img decoding=\"async\" src=\"https:\/\/softechsource.com\/wp-content\/uploads\/2024\/09\/E-Invoicing-Across-Borders-Navigating-Global-Standards-and-Regulations-1024x576.jpg\" class=\"vc_gitem-zone-img\" alt=\"\"><div class=\"vc_gitem-zone-mini\"><\/div><\/div><div class=\"vc_gitem-zone vc_gitem-zone-b vc_custom_1419328603590 vc-gitem-zone-height-mode-auto vc_gitem-is-link\"><a href=\"https:\/\/softechsource.com\/en\/e-invoicing-across-borders-navigating-global-standards-and-regulations\/\" title=\"E-Invoicing Across Borders: Navigating Global Standards And Regulations\" class=\"vc_gitem-link vc-zone-link\"><\/a><div class=\"vc_gitem-zone-mini\"><\/div><\/div><\/div><div class=\"vc_gitem-zone vc_gitem-zone-c vc_custom_1419328565352\"><div class=\"vc_gitem-zone-mini\"><div class=\"vc_gitem_row vc_row vc_gitem-row-position-top\"><div class=\"vc_col-sm-12 vc_gitem-col vc_gitem-col-align-\"><div class=\"vc_custom_heading vc_gitem-post-data vc_gitem-post-data-source-post_title\" ><h4 style=\"text-align: left\" >E-Invoicing Across Borders: Navigating Global Standards And Regulations<\/h4><\/div><div class=\"vc_custom_heading vc_gitem-post-data vc_gitem-post-data-source-post_excerpt\" ><p style=\"text-align: left\" ><p>In der heutigen vernetzten Welt sind Unternehmen nicht mehr durch nationale Grenzen begrenzt. Diese globale Reichweite gilt auch f\u00fcr Finanzgesch\u00e4fte, wobei sich die elektronische Rechnungsstellung zu einem wichtigen Instrument f\u00fcr Unternehmen entwickelt hat, die internationale Transaktionen abwickeln. Die Implementierung der elektronischen Rechnungsstellung in verschiedenen L\u00e4ndern bringt jedoch aufgrund unterschiedlicher Standards und Vorschriften eine Reihe von Herausforderungen mit sich. Dieser Blog befasst sich mit diesen Herausforderungen und stellt Best Practices f\u00fcr eine effektive Navigation in der globalen E-Invoicing-Landschaft vor. Die globale E-Invoicing-Landschaft Unter elektronischer Rechnungsstellung (E-Invoicing) versteht man das Versenden und Empfangen von Rechnungen in einem digitalen Format. Sie bietet Effizienz, Genauigkeit und Kosteneinsparungen, was sie f\u00fcr Unternehmen jeder Gr\u00f6\u00dfe attraktiv macht. Die Einf\u00fchrung der elektronischen Rechnungsstellung auf globaler Ebene erfordert jedoch eine komplexe Reihe von Standards und Vorschriften, die sich von Land zu Land unterscheiden. Herausforderungen bei der weltweiten Einf\u00fchrung der elektronischen Rechnungsstellung Unterschiedliche Standards und Formate Die Herausforderung: Verschiedene L\u00e4nder haben unterschiedliche E-Invoicing-Standards und -Formate eingef\u00fchrt. So schreibt die Europ\u00e4ische Union beispielsweise die Verwendung der Europ\u00e4ischen Norm (EN) 16931 vor, w\u00e4hrend Regionen wie Lateinamerika ihre eigenen Anforderungen haben.Die L\u00f6sung: Unternehmen m\u00fcssen sich \u00fcber die Standards in jedem Land, in dem sie t\u00e4tig sind, auf dem Laufenden halten und in&#8230;<\/p>\n<\/p><\/div><div class=\"vc_btn3-container vc_btn3-left\"><a class=\"vc_general vc_btn3 vc_btn3-size-md vc_btn3-shape-rounded vc_btn3-style-flat vc_btn3-color-juicy-pink\" a href=\"https:\/\/softechsource.com\/en\/e-invoicing-across-borders-navigating-global-standards-and-regulations\/\" title=\"Read more\">Read more<\/a><\/div><\/div><\/div><\/div><\/div><\/div><div class=\"vc_clearfix\"><\/div><\/div><div class=\"vc_grid-item vc_clearfix vc_col-sm-6 vc_grid-item-zone-c-bottom\"><div class=\"vc_grid-item-mini vc_clearfix\"><div class=\"vc_gitem-animated-block  vc_gitem-animate vc_gitem-animate-fadeIn\"  data-vc-animation=\"fadeIn\"><div class=\"vc_gitem-zone vc_gitem-zone-a vc_gitem-is-link\" style=\"background-image: url('https:\/\/softechsource.com\/wp-content\/uploads\/2024\/09\/AI-Driven-Innovation-Post-1024x576.png') !important;\"><a href=\"https:\/\/softechsource.com\/en\/startups-revolutionizing-industries-with-generative-technologies\/\" title=\"AI-Driven Innovation: Startups Revolutionizing Industries with Generative Technologies.\" class=\"vc_gitem-link vc-zone-link\"><\/a><img decoding=\"async\" src=\"https:\/\/softechsource.com\/wp-content\/uploads\/2024\/09\/AI-Driven-Innovation-Post-1024x576.png\" class=\"vc_gitem-zone-img\" alt=\"\"><div class=\"vc_gitem-zone-mini\"><\/div><\/div><div class=\"vc_gitem-zone vc_gitem-zone-b vc_custom_1419328603590 vc-gitem-zone-height-mode-auto vc_gitem-is-link\"><a href=\"https:\/\/softechsource.com\/en\/startups-revolutionizing-industries-with-generative-technologies\/\" title=\"AI-Driven Innovation: Startups Revolutionizing Industries with Generative Technologies.\" class=\"vc_gitem-link vc-zone-link\"><\/a><div class=\"vc_gitem-zone-mini\"><\/div><\/div><\/div><div class=\"vc_gitem-zone vc_gitem-zone-c vc_custom_1419328565352\"><div class=\"vc_gitem-zone-mini\"><div class=\"vc_gitem_row vc_row vc_gitem-row-position-top\"><div class=\"vc_col-sm-12 vc_gitem-col vc_gitem-col-align-\"><div class=\"vc_custom_heading vc_gitem-post-data vc_gitem-post-data-source-post_title\" ><h4 style=\"text-align: left\" >AI-Driven Innovation: Startups Revolutionizing Industries with Generative Technologies.<\/h4><\/div><div class=\"vc_custom_heading vc_gitem-post-data vc_gitem-post-data-source-post_excerpt\" ><p style=\"text-align: left\" ><p>In the fast-changing world of technology, generative AI has become a transformative force, reshaping industries and fostering innovation in ways we never thought possible. From changing how we produce content to tackling complex challenges, generative AI is leading a new generation of startups that are altering traditional business models and developing unique solutions. This blog explores some of the most intriguing startups that are leveraging generative AI to drive industry change.<\/p>\n<\/p><\/div><div class=\"vc_btn3-container vc_btn3-left\"><a class=\"vc_general vc_btn3 vc_btn3-size-md vc_btn3-shape-rounded vc_btn3-style-flat vc_btn3-color-juicy-pink\" a href=\"https:\/\/softechsource.com\/en\/startups-revolutionizing-industries-with-generative-technologies\/\" title=\"Read more\">Read more<\/a><\/div><\/div><\/div><\/div><\/div><\/div><div class=\"vc_clearfix\"><\/div><\/div><\/div><\/div>\n\t<\/div>\n<\/div><\/div><\/div><\/div><\/section>","protected":false},"excerpt":{"rendered":"KI hilft \u00c4rzten, Krankheiten schneller und genauer zu erkennenWerden wir KI vollst\u00e4ndig \u00fcbernehmen? In den letzten Jahren hat sich die k\u00fcnstliche Intelligenz (KI) zu einem Wendepunkt im Gesundheitswesen entwickelt und die Art und Weise, wie \u00c4rzte Krankheiten erkennen und diagnostizieren, grundlegend ver\u00e4ndert. Durch die Analyse medizinischer Bilder und die Interpretation von Patientendaten beschleunigt KI nicht nur den Diagnoseprozess, sondern verbessert auch dessen Genauigkeit und gibt \u00c4rzten leistungsstarke Werkzeuge an die Hand, um Leben zu retten und die Patientenversorgung zu verbessern. KI in der medizinischen Bildgebung: Eine neue \u00c4ra der Pr\u00e4zision Eine der wichtigsten Anwendungen von KI im Gesundheitswesen ist die medizinische Bildgebung. Seit Jahren verlassen sich \u00c4rzte und Radiologen auf R\u00f6ntgenaufnahmen, MRTs, CT-Scans und Ultraschalluntersuchungen, um Krankheiten wie Tumore, Knochenbr\u00fcche und Infektionen zu erkennen. Diese Bilder k\u00f6nnen jedoch sehr komplex sein, was es schwierig macht, Anomalien zu erkennen, insbesondere in den fr\u00fchen Stadien einer Krankheit. KI-gesteuerte Systeme sind nun in der Lage, medizinische Bilder mit bemerkenswerter Genauigkeit zu analysieren. Algorithmen des maschinellen Lernens, ein Teilbereich der KI, k\u00f6nnen Muster erkennen, die vom menschlichen Auge \u00fcbersehen werden k\u00f6nnten, und so einen zus\u00e4tzlichen Einblick gew\u00e4hren. In der Radiologie hat die KI beispielsweise beeindruckende Erfolge bei der Erkennung von fr\u00fchen Anzeichen von Krebs,...","protected":false},"author":1,"featured_media":0,"parent":0,"menu_order":0,"comment_status":"closed","ping_status":"closed","template":"","meta":{"footnotes":""},"class_list":["post-23134","page","type-page","status-publish","hentry"],"yoast_head":"<!-- This site is optimized with the Yoast SEO plugin v25.3.1 - https:\/\/yoast.com\/wordpress\/plugins\/seo\/ -->\n<title>Blog - Softech Source<\/title>\n<meta name=\"robots\" content=\"index, follow, max-snippet:-1, max-image-preview:large, max-video-preview:-1\" \/>\n<link rel=\"canonical\" href=\"https:\/\/softechsource.com\/en\/blog\/\" \/>\n<meta property=\"og:locale\" content=\"en_US\" \/>\n<meta property=\"og:type\" content=\"article\" \/>\n<meta property=\"og:title\" content=\"Blog - Softech Source\" \/>\n<meta property=\"og:url\" content=\"https:\/\/softechsource.com\/en\/blog\/\" \/>\n<meta property=\"og:site_name\" content=\"Softech Source\" \/>\n<meta property=\"article:modified_time\" content=\"2025-05-11T14:42:41+00:00\" \/>\n<meta name=\"twitter:card\" content=\"summary_large_image\" \/>\n<meta name=\"twitter:label1\" content=\"Est. reading time\" \/>\n\t<meta name=\"twitter:data1\" content=\"1 minute\" \/>\n<script type=\"application\/ld+json\" class=\"yoast-schema-graph\">{\"@context\":\"https:\/\/schema.org\",\"@graph\":[{\"@type\":\"WebPage\",\"@id\":\"https:\/\/softechsource.com\/blog\/\",\"url\":\"https:\/\/softechsource.com\/blog\/\",\"name\":\"Blog - Softech Source\",\"isPartOf\":{\"@id\":\"https:\/\/softechsource.com\/#website\"},\"datePublished\":\"2024-07-30T11:30:13+00:00\",\"dateModified\":\"2025-05-11T14:42:41+00:00\",\"breadcrumb\":{\"@id\":\"https:\/\/softechsource.com\/blog\/#breadcrumb\"},\"inLanguage\":\"en-US\",\"potentialAction\":[{\"@type\":\"ReadAction\",\"target\":[\"https:\/\/softechsource.com\/blog\/\"]}]},{\"@type\":\"BreadcrumbList\",\"@id\":\"https:\/\/softechsource.com\/blog\/#breadcrumb\",\"itemListElement\":[{\"@type\":\"ListItem\",\"position\":1,\"name\":\"Home\",\"item\":\"https:\/\/softechsource.com\/\"},{\"@type\":\"ListItem\",\"position\":2,\"name\":\"Blog\"}]},{\"@type\":\"WebSite\",\"@id\":\"https:\/\/softechsource.com\/#website\",\"url\":\"https:\/\/softechsource.com\/\",\"name\":\"Softech Source\",\"description\":\"\",\"publisher\":{\"@id\":\"https:\/\/softechsource.com\/#organization\"},\"potentialAction\":[{\"@type\":\"SearchAction\",\"target\":{\"@type\":\"EntryPoint\",\"urlTemplate\":\"https:\/\/softechsource.com\/?s={search_term_string}\"},\"query-input\":{\"@type\":\"PropertyValueSpecification\",\"valueRequired\":true,\"valueName\":\"search_term_string\"}}],\"inLanguage\":\"en-US\"},{\"@type\":\"Organization\",\"@id\":\"https:\/\/softechsource.com\/#organization\",\"name\":\"Softech Source\",\"url\":\"https:\/\/softechsource.com\/\",\"logo\":{\"@type\":\"ImageObject\",\"inLanguage\":\"en-US\",\"@id\":\"https:\/\/softechsource.com\/#\/schema\/logo\/image\/\",\"url\":\"https:\/\/softechsource.com\/wp-content\/uploads\/2023\/11\/upload-logo.png\",\"contentUrl\":\"https:\/\/softechsource.com\/wp-content\/uploads\/2023\/11\/upload-logo.png\",\"width\":400,\"height\":212,\"caption\":\"Softech Source\"},\"image\":{\"@id\":\"https:\/\/softechsource.com\/#\/schema\/logo\/image\/\"}}]}<\/script>\n<!-- \/ Yoast SEO plugin. -->","yoast_head_json":{"title":"Blog - Softech Source","robots":{"index":"index","follow":"follow","max-snippet":"max-snippet:-1","max-image-preview":"max-image-preview:large","max-video-preview":"max-video-preview:-1"},"canonical":"https:\/\/softechsource.com\/en\/blog\/","og_locale":"en_US","og_type":"article","og_title":"Blog - Softech Source","og_url":"https:\/\/softechsource.com\/en\/blog\/","og_site_name":"Softech Source","article_modified_time":"2025-05-11T14:42:41+00:00","twitter_card":"summary_large_image","twitter_misc":{"Est. reading time":"1 minute"},"schema":{"@context":"https:\/\/schema.org","@graph":[{"@type":"WebPage","@id":"https:\/\/softechsource.com\/blog\/","url":"https:\/\/softechsource.com\/blog\/","name":"Blog - Softech Source","isPartOf":{"@id":"https:\/\/softechsource.com\/#website"},"datePublished":"2024-07-30T11:30:13+00:00","dateModified":"2025-05-11T14:42:41+00:00","breadcrumb":{"@id":"https:\/\/softechsource.com\/blog\/#breadcrumb"},"inLanguage":"en-US","potentialAction":[{"@type":"ReadAction","target":["https:\/\/softechsource.com\/blog\/"]}]},{"@type":"BreadcrumbList","@id":"https:\/\/softechsource.com\/blog\/#breadcrumb","itemListElement":[{"@type":"ListItem","position":1,"name":"Home","item":"https:\/\/softechsource.com\/"},{"@type":"ListItem","position":2,"name":"Blog"}]},{"@type":"WebSite","@id":"https:\/\/softechsource.com\/#website","url":"https:\/\/softechsource.com\/","name":"Softech Source","description":"","publisher":{"@id":"https:\/\/softechsource.com\/#organization"},"potentialAction":[{"@type":"SearchAction","target":{"@type":"EntryPoint","urlTemplate":"https:\/\/softechsource.com\/?s={search_term_string}"},"query-input":{"@type":"PropertyValueSpecification","valueRequired":true,"valueName":"search_term_string"}}],"inLanguage":"en-US"},{"@type":"Organization","@id":"https:\/\/softechsource.com\/#organization","name":"Softech Source","url":"https:\/\/softechsource.com\/","logo":{"@type":"ImageObject","inLanguage":"en-US","@id":"https:\/\/softechsource.com\/#\/schema\/logo\/image\/","url":"https:\/\/softechsource.com\/wp-content\/uploads\/2023\/11\/upload-logo.png","contentUrl":"https:\/\/softechsource.com\/wp-content\/uploads\/2023\/11\/upload-logo.png","width":400,"height":212,"caption":"Softech Source"},"image":{"@id":"https:\/\/softechsource.com\/#\/schema\/logo\/image\/"}}]}},"_links":{"self":[{"href":"https:\/\/softechsource.com\/en\/wp-json\/wp\/v2\/pages\/23134"}],"collection":[{"href":"https:\/\/softechsource.com\/en\/wp-json\/wp\/v2\/pages"}],"about":[{"href":"https:\/\/softechsource.com\/en\/wp-json\/wp\/v2\/types\/page"}],"author":[{"embeddable":true,"href":"https:\/\/softechsource.com\/en\/wp-json\/wp\/v2\/users\/1"}],"replies":[{"embeddable":true,"href":"https:\/\/softechsource.com\/en\/wp-json\/wp\/v2\/comments?post=23134"}],"version-history":[{"count":6,"href":"https:\/\/softechsource.com\/en\/wp-json\/wp\/v2\/pages\/23134\/revisions"}],"predecessor-version":[{"id":23360,"href":"https:\/\/softechsource.com\/en\/wp-json\/wp\/v2\/pages\/23134\/revisions\/23360"}],"wp:attachment":[{"href":"https:\/\/softechsource.com\/en\/wp-json\/wp\/v2\/media?parent=23134"}],"curies":[{"name":"wp","href":"https:\/\/api.w.org\/{rel}","templated":true}]}}