{"id":22923,"date":"2024-01-09T12:53:45","date_gmt":"2024-01-09T12:53:45","guid":{"rendered":"https:\/\/softechsource.com\/?page_id=22923"},"modified":"2025-05-13T14:58:44","modified_gmt":"2025-05-13T13:58:44","slug":"artificial-intelligence-solutions","status":"publish","type":"page","link":"https:\/\/softechsource.com\/en\/artificial-intelligence-solutions\/","title":{"rendered":"Artificial Intelligence Solutions"},"content":{"rendered":"<section data-vc-full-width=\"true\" data-vc-full-width-init=\"false\" class=\"vc_row wpb_row vc_row-fluid  vc_custom_1704805360989 wow fadeIn vc_row-has-fill pofo-stretch-content pofo-stretch-row-container vc_row-o-content-middle vc_row-flex\"><div class=\"wpb_column vc_column_container vc_col-sm-12 vc_col-lg-5 vc_col-md-6 vc_col-xs-12 pofo-column-responsive-69dd9a7d11093\"><div class=\"vc_column-inner\"><div class=\"wpb_wrapper\"><h5 class=\"text-extra-dark-gray margin-20px-bottom font-weight-600 display-inline-block alt-font heading-style2 pofo-button-responsive-69dd9a7d11111  heading-1\"  style=\"font-weight: 600;\">Your partner for AI solutions from Ideation to Implementation<\/h5><div class=\"last-paragraph-no-margin\"><p><span style=\"font-weight: 400;\">At STS, we don\u2019t just offer services; we provide a gateway to a future where intelligent solutions drive innovation, efficiency, and exponential success. Our Machine Learning Engineers help you from ideation to implementation and you can use AI to optimize processes, improve the customer experience and gain a competitive advantage in today\u2019s data-driven world. In addition,  we integrate machine learning operations (MLOps) for quality check and continuous model refinement.<\/span><\/p>\n<\/div><\/div><\/div><\/div><div class=\"wpb_column vc_column_container vc_col-sm-12 vc_col-lg-7 vc_col-md-6 vc_col-xs-12 text-center\"><div class=\"vc_column-inner\"><div class=\"wpb_wrapper\">\n\t<div  class=\"wpb_single_image wpb_content_element vc_align_center\">\n\t\t\n\t\t<figure class=\"wpb_wrapper vc_figure\">\n\t\t\t<div class=\"vc_single_image-wrapper   vc_box_border_grey\"><img fetchpriority=\"high\" decoding=\"async\" width=\"1736\" height=\"1197\" src=\"https:\/\/softechsource.com\/wp-content\/uploads\/2024\/01\/ai.png\" class=\"vc_single_image-img attachment-full\" alt=\"\" srcset=\"https:\/\/softechsource.com\/wp-content\/uploads\/2024\/01\/ai.png 1736w, https:\/\/softechsource.com\/wp-content\/uploads\/2024\/01\/ai-300x207.png 300w, https:\/\/softechsource.com\/wp-content\/uploads\/2024\/01\/ai-1024x706.png 1024w, https:\/\/softechsource.com\/wp-content\/uploads\/2024\/01\/ai-768x530.png 768w, https:\/\/softechsource.com\/wp-content\/uploads\/2024\/01\/ai-1536x1059.png 1536w, https:\/\/softechsource.com\/wp-content\/uploads\/2024\/01\/ai-1118x771.png 1118w, https:\/\/softechsource.com\/wp-content\/uploads\/2024\/01\/ai-120x83.png 120w, https:\/\/softechsource.com\/wp-content\/uploads\/2024\/01\/ai-81x56.png 81w\" sizes=\"(max-width: 1736px) 100vw, 1736px\" \/><\/div>\n\t\t<\/figure>\n\t<\/div>\n<\/div><\/div><\/div><\/section><div class=\"vc_row-full-width vc_clearfix\"><\/div><section class=\"vc_row wpb_row vc_row-fluid  vc_custom_1704812303713 wow fadeIn vc_row-has-fill\"><div class=\"wpb_column vc_column_container vc_col-sm-12  col-xs-mobile-fullwidth\"><div class=\"vc_column-inner\"><div class=\"wpb_wrapper\"><div class=\"vc_row wpb_row vc_inner vc_row-fluid\"><div class=\"wpb_column vc_column_container vc_col-lg-2 vc_col-md-2 vc_hidden-sm col-xs-mobile-fullwidth\"><div class=\"vc_column-inner\"><div class=\"wpb_wrapper\"><\/div><\/div><\/div><div class=\"wpb_column vc_column_container vc_col-lg-8 vc_col-md-8 col-xs-mobile-fullwidth text-center\"><div class=\"vc_column-inner vc_custom_1704809069624\"><div class=\"wpb_wrapper\"><h5 class=\"text-extra-dark-gray margin-20px-bottom font-weight-600 alt-font heading-style2  heading-2\"  style=\"font-weight: 600;\">Our AI Services<\/h5><\/div><\/div><\/div><div class=\"wpb_column vc_column_container vc_col-lg-2 vc_col-md-2 vc_hidden-sm col-xs-mobile-fullwidth\"><div class=\"vc_column-inner\"><div class=\"wpb_wrapper\"><\/div><\/div><\/div><\/div><div class=\"vc_row wpb_row vc_inner vc_row-fluid\"><div class=\"wpb_column vc_column_container vc_col-sm-4  col-xs-mobile-fullwidth wow fadeInUp text-center\"><div class=\"vc_column-inner\"><div class=\"wpb_wrapper\"><div class=\"featurebox3 pofo-featurebox  vc_custom_1747144596932 feature-box featurebox3-1\" ><div class=\"content\"><i class=\"link-icon margin-25px-bottom sm-margin-15px-bottom text-medium-gray ti-settings icon-medium\"><\/i><h5 class=\"text-medium alt-font text-capitalize text-extra-dark-gray margin-10px-bottom sm-margin-5px-bottom\" style=\"font-weight: 700;\">AI Product Development service<\/h5><div class=\"width-85 margin-lr-auto sm-width-100 last-paragraph-no-margin\"><p><span style=\"font-weight: 400;\">Empower your business with customized AI Solutions. We specialize in crafting cutting-edge products that leverage the power of artificial intelligence. From concept to deployment and operations, our expert team ensures your vision is translated into innovative AI-driven products.<\/span><\/p>\n<\/div><\/div><\/div><div class=\"vc_empty_space\"   style=\"height: 12px\"><span class=\"vc_empty_space_inner\"><\/span><\/div><\/div><\/div><\/div><div class=\"wpb_column vc_column_container vc_col-sm-4  col-xs-mobile-fullwidth wow fadeInUp text-center\"><div class=\"vc_column-inner\"><div class=\"wpb_wrapper\"><div class=\"featurebox3 pofo-featurebox  vc_custom_1747144561924 feature-box featurebox3-2\" ><div class=\"content\"><i class=\"link-icon margin-25px-bottom sm-margin-15px-bottom text-medium-gray icon-chat icon-medium\"><\/i><h5 class=\"text-medium alt-font text-capitalize text-extra-dark-gray margin-10px-bottom sm-margin-5px-bottom\" style=\"font-weight: 700;\">AI Chatbots &amp; Assistants<\/h5><div class=\"width-85 margin-lr-auto sm-width-100 last-paragraph-no-margin\"><p><span style=\"font-weight: 400;\">Revolutionize customer engagement with our AI Chatbots &amp; Assistants services. Our solutions not only automate the routine tasks but also deliver the personalized responses that enhance user interactions, streamline support, and elevate the overall customer experience.Explore the future of customer engagement with our cutting-edge AI Chatbots &amp; Assistants services.<\/span><\/p>\n<\/div><\/div><\/div><div class=\"vc_empty_space\"   style=\"height: 12px\"><span class=\"vc_empty_space_inner\"><\/span><\/div><\/div><\/div><\/div><div class=\"wpb_column vc_column_container vc_col-sm-4  col-xs-mobile-fullwidth wow fadeInUp\"><div class=\"vc_column-inner\"><div class=\"wpb_wrapper\"><div class=\"featurebox3 pofo-featurebox  vc_custom_1747144534492 feature-box featurebox3-3\" ><div class=\"content\"><i class=\"link-icon margin-25px-bottom sm-margin-15px-bottom text-medium-gray fas fa-chart-bar icon-medium\"><\/i><h5 class=\"text-medium alt-font text-capitalize text-extra-dark-gray margin-10px-bottom sm-margin-5px-bottom\" style=\"font-weight: 700;\">Predictive analytics &amp; forecasting<\/h5><div class=\"width-85 margin-lr-auto sm-width-100 last-paragraph-no-margin\"><p><span style=\"font-weight: 400;\">Unlock the power of data-driven decision-making with our Predictive Analytics &amp; Forecasting services. We employ cutting-edge AI algorithms to transform historical data into actionable insights, enabling you to make informed decisions to optimize operations, mitigate risks by anticipating trends,  proactively plan for the future and stay ahead in a dynamic marketplace.<\/span><\/p>\n<\/div><\/div><\/div><\/div><\/div><\/div><\/div><\/div><\/div><\/div><\/section><section class=\"vc_row wpb_row vc_row-fluid  vc_custom_1704813168760 wow fadeIn\"><div class=\"wpb_column vc_column_container vc_col-sm-12  col-xs-mobile-fullwidth\"><div class=\"vc_column-inner\"><div class=\"wpb_wrapper\"><div class=\"vc_row wpb_row vc_inner vc_row-fluid\"><div class=\"wpb_column vc_column_container vc_col-lg-2 vc_col-md-2 vc_hidden-sm col-xs-mobile-fullwidth\"><div class=\"vc_column-inner\"><div class=\"wpb_wrapper\"><\/div><\/div><\/div><div class=\"wpb_column vc_column_container vc_col-lg-8 vc_col-md-8 col-xs-mobile-fullwidth text-center\"><div class=\"vc_column-inner vc_custom_1704809069624\"><div class=\"wpb_wrapper\"><h5 class=\"text-extra-dark-gray margin-20px-bottom font-weight-600 alt-font heading-style2  heading-3\"  style=\"font-weight: 600;\">Helping you at every stage of your AI journey<\/h5><h6 class=\"text-extra-dark-gray margin-20px-bottom font-weight-600 display-inline-block alt-font heading-style2  heading-4\"  style=\"font-weight: 400;\">Our ML Development process Helps you at every stage of Your AI Journey. From ideation to implementation and Deployment.<\/h6><\/div><\/div><\/div><div class=\"wpb_column vc_column_container vc_col-lg-2 vc_col-md-2 vc_hidden-sm col-xs-mobile-fullwidth\"><div class=\"vc_column-inner\"><div class=\"wpb_wrapper\"><\/div><\/div><\/div><\/div><div class=\"vc_row wpb_row vc_inner vc_row-fluid\"><div class=\"wpb_column vc_column_container vc_col-sm-4  col-xs-mobile-fullwidth wow fadeInUp\"><div class=\"vc_column-inner\"><div class=\"wpb_wrapper\"><div class=\"featurebox33 pofo-featurebox feature-box-1 featurebox33-1\" ><h5 class=\"text-light-gray font-weight-300 alt-font no-margin-bottom\" style=\"font-weight:700; \">01<\/h5><span class=\"text-extra-dark-gray alt-font text-large margin-15px-bottom display-block sm-margin-5px-bottom\">Problem and Business Need Analysis<\/span><div class=\"width-90 sm-width-100 last-paragraph-no-margin\"><ul>\n<li><span style=\"font-weight: 400;\">Analyze business drivers and collect prerequisites<\/span><\/li>\n<li><span style=\"font-weight: 400;\">Evaluate current technology environment<\/span><\/li>\n<li><span style=\"font-weight: 400;\">Evaluate feasibility<\/span><\/li>\n<li><span style=\"font-weight: 400;\">Gather Functional and non-functional requirements<\/span><\/li>\n<li><span style=\"font-weight: 400;\">Define Project scope<\/span><\/li>\n<\/ul>\n<\/div><\/div><\/div><\/div><\/div><div class=\"wpb_column vc_column_container vc_col-sm-4  col-xs-mobile-fullwidth wow fadeInUp\"><div class=\"vc_column-inner\"><div class=\"wpb_wrapper\"><div class=\"featurebox33 pofo-featurebox feature-box-1 featurebox33-2\" ><h5 class=\"text-light-gray font-weight-300 alt-font no-margin-bottom\" style=\"font-weight:700; \">02<\/h5><span class=\"text-extra-dark-gray alt-font text-large margin-15px-bottom display-block sm-margin-5px-bottom\">AI Solution Implementation<\/span><div class=\"width-90 sm-width-100 last-paragraph-no-margin\"><ul>\n<li><span style=\"font-weight: 400;\">Collect and prepare data<\/span><\/li>\n<li><span style=\"font-weight: 400;\">Initial data analysis<\/span><\/li>\n<li><span style=\"font-weight: 400;\">Implementation approach and tech stack selection<\/span><\/li>\n<li><span style=\"font-weight: 400;\">Select ML model and train<\/span><\/li>\n<li><span style=\"font-weight: 400;\">Evaluate model performance<\/span><\/li>\n<\/ul>\n<\/div><\/div><\/div><\/div><\/div><div class=\"wpb_column vc_column_container vc_col-sm-4  col-xs-mobile-fullwidth wow fadeInUp\"><div class=\"vc_column-inner\"><div class=\"wpb_wrapper\"><div class=\"featurebox33 pofo-featurebox feature-box-1 featurebox33-3\" ><h5 class=\"text-light-gray font-weight-300 alt-font no-margin-bottom\" style=\"font-weight:700; \">03<\/h5><span class=\"text-extra-dark-gray alt-font text-large margin-15px-bottom display-block sm-margin-5px-bottom\">Deployment &amp; MLOps<\/span><div class=\"width-90 sm-width-100 last-paragraph-no-margin\"><ul>\n<li><span style=\"font-weight: 400;\">Integrate the ML Solution into the existing environment<\/span><\/li>\n<li><span style=\"font-weight: 400;\">Create DevOPs pipelines for serving and training purposes<\/span><\/li>\n<li><span style=\"font-weight: 400;\">ML Solution scaling in the target environment<\/span><\/li>\n<li><span style=\"font-weight: 400;\">Monitor model performance metrics &amp; re-training when needed (MLOps)<\/span><\/li>\n<li><span style=\"font-weight: 400;\">Provision of end-user trainings and support<\/span><\/li>\n<\/ul>\n<\/div><\/div><\/div><\/div><\/div><\/div><\/div><\/div><\/div><\/section><section data-vc-full-width=\"true\" data-vc-full-width-init=\"false\" class=\"vc_row wpb_row vc_row-fluid  vc_custom_1501072287273 wow fadeIn vc_row-has-fill pofo-stretch-content pofo-stretch-row-container\"><div class=\"wpb_column vc_column_container vc_col-sm-12  col-xs-mobile-fullwidth\"><div class=\"vc_column-inner\"><div class=\"wpb_wrapper\"><div class=\"vc_row wpb_row vc_inner vc_row-fluid\"><div class=\"wpb_column vc_column_container vc_col-sm-2 vc_col-md-3 vc_col-xs-12\"><div class=\"vc_column-inner\"><div class=\"wpb_wrapper\"><\/div><\/div><\/div><div class=\"wpb_column vc_column_container vc_col-sm-8 vc_col-md-6 vc_col-xs-12 text-center pofo-column-responsive-69dd9a7d1282e\"><div class=\"vc_column-inner vc_custom_1509690383430\"><div class=\"wpb_wrapper\"><h5 class=\"text-extra-dark-gray margin-20px-bottom font-weight-600 alt-font heading-style2  heading-5\"  style=\"font-weight: 600;\">WHY CHOOSE STS FOR AI SERVICES<\/h5><\/div><\/div><\/div><div class=\"wpb_column vc_column_container vc_col-sm-2 vc_col-md-3 vc_col-xs-12\"><div class=\"vc_column-inner\"><div class=\"wpb_wrapper\"><\/div><\/div><\/div><\/div><div class=\"vc_row wpb_row vc_inner vc_row-fluid clear-both\"><div class=\"wpb_column vc_column_container vc_col-sm-4  col-xs-mobile-fullwidth text-center\"><div class=\"vc_column-inner vc_custom_1704812945680\"><div class=\"wpb_wrapper\"><div class=\"vertical-align-middle featurebox22-1 featurebox22 pofo-featurebox\" ><i class=\"link-icon fas fa-user-check icon-medium\"><\/i><span class=\"alt-font margin-10px-top no-margin-bottom display-block\">Experienced AI Professionals<\/span><\/div><div class=\"vc_empty_space\"   style=\"height: 32px\"><span class=\"vc_empty_space_inner\"><\/span><\/div><div class=\"vertical-align-middle featurebox22-2 featurebox22 pofo-featurebox\" ><i class=\"link-icon ti-unlock icon-medium\"><\/i><span class=\"alt-font margin-10px-top no-margin-bottom display-block\">GDPR Compliant<\/span><\/div><\/div><\/div><\/div><div class=\"wpb_column vc_column_container vc_col-sm-4  col-xs-mobile-fullwidth text-center\"><div class=\"vc_column-inner\"><div class=\"wpb_wrapper\"><div class=\"vertical-align-middle featurebox22-3 featurebox22 pofo-featurebox\" ><i class=\"link-icon fas fa-brain icon-medium\"><\/i><span class=\"alt-font margin-10px-top no-margin-bottom display-block\">Customized AI Solutions<\/span><\/div><div class=\"vc_empty_space\"   style=\"height: 32px\"><span class=\"vc_empty_space_inner\"><\/span><\/div><div class=\"vertical-align-middle featurebox22-4 featurebox22 pofo-featurebox\" ><i class=\"link-icon fas fa-user-cog icon-medium\"><\/i><span class=\"alt-font margin-10px-top no-margin-bottom display-block\">Experience Across Industries<\/span><\/div><\/div><\/div><\/div><div class=\"wpb_column vc_column_container vc_col-sm-4  col-xs-mobile-fullwidth text-center\"><div class=\"vc_column-inner\"><div class=\"wpb_wrapper\"><div class=\"vertical-align-middle featurebox22-5 featurebox22 pofo-featurebox\" ><i class=\"link-icon fas fa-braille icon-medium\"><\/i><span class=\"alt-font margin-10px-top no-margin-bottom display-block\">Cutting-edge Technology Stack<\/span><\/div><div class=\"vc_empty_space\"   style=\"height: 32px\"><span class=\"vc_empty_space_inner\"><\/span><\/div><div class=\"vertical-align-middle featurebox22-6 featurebox22 pofo-featurebox\" ><i class=\"link-icon fas fa-box-open icon-medium\"><\/i><span class=\"alt-font margin-10px-top no-margin-bottom display-block\">Robust &amp; Scalable Solutions<\/span><\/div><\/div><\/div><\/div><\/div><\/div><\/div><\/div><\/section><div class=\"vc_row-full-width vc_clearfix\"><\/div>","protected":false},"excerpt":{"rendered":"Ihr Partner f\u00fcr KI-L\u00f6sungen von der Idee bis zur UmsetzungBei STS bieten wir nicht nur Dienstleistungen an, sondern auch ein Tor zu einer Zukunft, in der intelligente L\u00f6sungen Innovation, Effizienz und exponentiellen Erfolg vorantreiben. Unsere Ingenieure f\u00fcr maschinelles Lernen unterst\u00fctzen Sie von der Idee bis zur Implementierung. So k\u00f6nnen Sie KI nutzen, um Prozesse zu optimieren, das Kundenerlebnis zu verbessern und einen Wettbewerbsvorteil in der datengesteuerten Welt von heute zu erlangen. Dar\u00fcber hinaus integrieren wir Machine Learning Operations (MLOps) zur Qualit\u00e4tspr\u00fcfung und kontinuierlichen Modellverfeinerung. Unsere KI-DienstleistungenKI-ProduktentwicklungsserviceSt\u00e4rken Sie Ihr Unternehmen mit ma\u00dfgeschneiderten KI-L\u00f6sungen. Wir haben uns auf die Entwicklung innovativer Produkte spezialisiert, die die M\u00f6glichkeiten der k\u00fcnstlichen Intelligenz nutzen. Vom Konzept bis zur Bereitstellung und zum Betrieb sorgt unser Expertenteam daf\u00fcr, dass Ihre Vision in innovative KI-gesteuerte Produkte umgesetzt wird. KI Chatbots & AssistentenRevolutionieren Sie die Kundeninteraktion mit unseren KI Chatbots &amp; Assistenten. Unsere L\u00f6sungen automatisieren nicht nur Routineaufgaben, sondern liefern auch personalisierte Antworten, die die Interaktion mit den Nutzern verbessern, den Support rationalisieren und das Kundenerlebnis insgesamt verbessern.Entdecken Sie die Zukunft der Kundeninteraktion mit unseren innovativen KI-Chatbots &amp; Assistenten. Pr\u00e4diktive Analytik und PrognosenNutzen Sie die M\u00f6glichkeiten der datengesteuerten Entscheidungsfindung mit unseren Predictive Analytics &amp; Forecasting -Dienstleistungen. Wir setzen hochmoderne KI-Algorithmen...","protected":false},"author":1,"featured_media":0,"parent":0,"menu_order":0,"comment_status":"closed","ping_status":"closed","template":"","meta":{"footnotes":""},"class_list":["post-22923","page","type-page","status-publish","hentry"],"yoast_head":"<!-- This site is optimized with the Yoast SEO plugin v25.3.1 - https:\/\/yoast.com\/wordpress\/plugins\/seo\/ -->\n<title>K\u00fcnstlicher Intelligenz L\u00f6sungen - Softech Source<\/title>\n<meta name=\"robots\" content=\"index, follow, max-snippet:-1, max-image-preview:large, max-video-preview:-1\" \/>\n<link rel=\"canonical\" href=\"https:\/\/softechsource.com\/en\/artificial-intelligence-solutions\/\" \/>\n<meta property=\"og:locale\" content=\"en_US\" \/>\n<meta property=\"og:type\" content=\"article\" \/>\n<meta property=\"og:title\" content=\"K\u00fcnstlicher Intelligenz L\u00f6sungen - Softech Source\" \/>\n<meta property=\"og:url\" content=\"https:\/\/softechsource.com\/en\/artificial-intelligence-solutions\/\" \/>\n<meta property=\"og:site_name\" content=\"Softech Source\" \/>\n<meta property=\"article:modified_time\" content=\"2025-05-13T13:58:44+00:00\" \/>\n<meta name=\"twitter:card\" content=\"summary_large_image\" \/>\n<meta name=\"twitter:label1\" content=\"Est. reading time\" \/>\n\t<meta name=\"twitter:data1\" content=\"4 minutes\" \/>\n<script type=\"application\/ld+json\" class=\"yoast-schema-graph\">{\"@context\":\"https:\/\/schema.org\",\"@graph\":[{\"@type\":\"WebPage\",\"@id\":\"https:\/\/softechsource.com\/artificial-intelligence-solutions\/\",\"url\":\"https:\/\/softechsource.com\/artificial-intelligence-solutions\/\",\"name\":\"K\u00fcnstlicher Intelligenz L\u00f6sungen - Softech Source\",\"isPartOf\":{\"@id\":\"https:\/\/softechsource.com\/#website\"},\"datePublished\":\"2024-01-09T12:53:45+00:00\",\"dateModified\":\"2025-05-13T13:58:44+00:00\",\"breadcrumb\":{\"@id\":\"https:\/\/softechsource.com\/artificial-intelligence-solutions\/#breadcrumb\"},\"inLanguage\":\"en-US\",\"potentialAction\":[{\"@type\":\"ReadAction\",\"target\":[\"https:\/\/softechsource.com\/artificial-intelligence-solutions\/\"]}]},{\"@type\":\"BreadcrumbList\",\"@id\":\"https:\/\/softechsource.com\/artificial-intelligence-solutions\/#breadcrumb\",\"itemListElement\":[{\"@type\":\"ListItem\",\"position\":1,\"name\":\"Home\",\"item\":\"https:\/\/softechsource.com\/\"},{\"@type\":\"ListItem\",\"position\":2,\"name\":\"K\u00fcnstlicher Intelligenz L\u00f6sungen\"}]},{\"@type\":\"WebSite\",\"@id\":\"https:\/\/softechsource.com\/#website\",\"url\":\"https:\/\/softechsource.com\/\",\"name\":\"Softech Source\",\"description\":\"\",\"publisher\":{\"@id\":\"https:\/\/softechsource.com\/#organization\"},\"potentialAction\":[{\"@type\":\"SearchAction\",\"target\":{\"@type\":\"EntryPoint\",\"urlTemplate\":\"https:\/\/softechsource.com\/?s={search_term_string}\"},\"query-input\":{\"@type\":\"PropertyValueSpecification\",\"valueRequired\":true,\"valueName\":\"search_term_string\"}}],\"inLanguage\":\"en-US\"},{\"@type\":\"Organization\",\"@id\":\"https:\/\/softechsource.com\/#organization\",\"name\":\"Softech Source\",\"url\":\"https:\/\/softechsource.com\/\",\"logo\":{\"@type\":\"ImageObject\",\"inLanguage\":\"en-US\",\"@id\":\"https:\/\/softechsource.com\/#\/schema\/logo\/image\/\",\"url\":\"https:\/\/softechsource.com\/wp-content\/uploads\/2023\/11\/upload-logo.png\",\"contentUrl\":\"https:\/\/softechsource.com\/wp-content\/uploads\/2023\/11\/upload-logo.png\",\"width\":400,\"height\":212,\"caption\":\"Softech Source\"},\"image\":{\"@id\":\"https:\/\/softechsource.com\/#\/schema\/logo\/image\/\"}}]}<\/script>\n<!-- \/ Yoast SEO plugin. -->","yoast_head_json":{"title":"K\u00fcnstlicher Intelligenz L\u00f6sungen - Softech Source","robots":{"index":"index","follow":"follow","max-snippet":"max-snippet:-1","max-image-preview":"max-image-preview:large","max-video-preview":"max-video-preview:-1"},"canonical":"https:\/\/softechsource.com\/en\/artificial-intelligence-solutions\/","og_locale":"en_US","og_type":"article","og_title":"K\u00fcnstlicher Intelligenz L\u00f6sungen - Softech Source","og_url":"https:\/\/softechsource.com\/en\/artificial-intelligence-solutions\/","og_site_name":"Softech Source","article_modified_time":"2025-05-13T13:58:44+00:00","twitter_card":"summary_large_image","twitter_misc":{"Est. reading time":"4 minutes"},"schema":{"@context":"https:\/\/schema.org","@graph":[{"@type":"WebPage","@id":"https:\/\/softechsource.com\/artificial-intelligence-solutions\/","url":"https:\/\/softechsource.com\/artificial-intelligence-solutions\/","name":"K\u00fcnstlicher Intelligenz L\u00f6sungen - Softech Source","isPartOf":{"@id":"https:\/\/softechsource.com\/#website"},"datePublished":"2024-01-09T12:53:45+00:00","dateModified":"2025-05-13T13:58:44+00:00","breadcrumb":{"@id":"https:\/\/softechsource.com\/artificial-intelligence-solutions\/#breadcrumb"},"inLanguage":"en-US","potentialAction":[{"@type":"ReadAction","target":["https:\/\/softechsource.com\/artificial-intelligence-solutions\/"]}]},{"@type":"BreadcrumbList","@id":"https:\/\/softechsource.com\/artificial-intelligence-solutions\/#breadcrumb","itemListElement":[{"@type":"ListItem","position":1,"name":"Home","item":"https:\/\/softechsource.com\/"},{"@type":"ListItem","position":2,"name":"K\u00fcnstlicher Intelligenz L\u00f6sungen"}]},{"@type":"WebSite","@id":"https:\/\/softechsource.com\/#website","url":"https:\/\/softechsource.com\/","name":"Softech Source","description":"","publisher":{"@id":"https:\/\/softechsource.com\/#organization"},"potentialAction":[{"@type":"SearchAction","target":{"@type":"EntryPoint","urlTemplate":"https:\/\/softechsource.com\/?s={search_term_string}"},"query-input":{"@type":"PropertyValueSpecification","valueRequired":true,"valueName":"search_term_string"}}],"inLanguage":"en-US"},{"@type":"Organization","@id":"https:\/\/softechsource.com\/#organization","name":"Softech Source","url":"https:\/\/softechsource.com\/","logo":{"@type":"ImageObject","inLanguage":"en-US","@id":"https:\/\/softechsource.com\/#\/schema\/logo\/image\/","url":"https:\/\/softechsource.com\/wp-content\/uploads\/2023\/11\/upload-logo.png","contentUrl":"https:\/\/softechsource.com\/wp-content\/uploads\/2023\/11\/upload-logo.png","width":400,"height":212,"caption":"Softech Source"},"image":{"@id":"https:\/\/softechsource.com\/#\/schema\/logo\/image\/"}}]}},"_links":{"self":[{"href":"https:\/\/softechsource.com\/en\/wp-json\/wp\/v2\/pages\/22923"}],"collection":[{"href":"https:\/\/softechsource.com\/en\/wp-json\/wp\/v2\/pages"}],"about":[{"href":"https:\/\/softechsource.com\/en\/wp-json\/wp\/v2\/types\/page"}],"author":[{"embeddable":true,"href":"https:\/\/softechsource.com\/en\/wp-json\/wp\/v2\/users\/1"}],"replies":[{"embeddable":true,"href":"https:\/\/softechsource.com\/en\/wp-json\/wp\/v2\/comments?post=22923"}],"version-history":[{"count":34,"href":"https:\/\/softechsource.com\/en\/wp-json\/wp\/v2\/pages\/22923\/revisions"}],"predecessor-version":[{"id":23463,"href":"https:\/\/softechsource.com\/en\/wp-json\/wp\/v2\/pages\/22923\/revisions\/23463"}],"wp:attachment":[{"href":"https:\/\/softechsource.com\/en\/wp-json\/wp\/v2\/media?parent=22923"}],"curies":[{"name":"wp","href":"https:\/\/api.w.org\/{rel}","templated":true}]}}