{"id":22905,"date":"2024-01-05T14:07:44","date_gmt":"2024-01-05T14:07:44","guid":{"rendered":"https:\/\/softechsource.com\/?page_id=22905"},"modified":"2025-05-19T20:09:25","modified_gmt":"2025-05-19T19:09:25","slug":"legal-notice","status":"publish","type":"page","link":"https:\/\/softechsource.com\/en\/legal-notice\/","title":{"rendered":"Legal Notice"},"content":{"rendered":"<section class=\"vc_row wpb_row vc_row-fluid  vc_custom_1510651119539 wow none pofo-row-responsive-69dd9a15a7f26\"><div class=\"wpb_column vc_column_container vc_col-sm-12  col-xs-mobile-fullwidth\"><div class=\"vc_column-inner\"><div class=\"wpb_wrapper\"><div class=\"vc_row wpb_row vc_inner vc_row-fluid\"><div class=\"wpb_column vc_column_container vc_col-sm-12  col-xs-mobile-fullwidth\"><div class=\"vc_column-inner\"><div class=\"wpb_wrapper\"><h5 class=\"text-extra-dark-gray margin-20px-bottom font-weight-600 alt-font heading-style2  heading-1\"  style=\"font-weight: 500;\">Legal Notice<\/h5><div class=\"last-paragraph-no-margin\"><p><span class=\"selectable-text copyable-text false\">Qamer uddin Sabri &#8211; SofTech Source<\/span><\/p>\n<p>MillerStr 3, 74076 Heilbronn, Germany<\/p>\n<p><span class=\"selectable-text copyable-text false\">E-Mail: <\/span><span class=\"selectable-text copyable-text false\">info@softechsource.com <\/span><\/p>\n<p><span class=\"selectable-text copyable-text false\">+49 (0) 159 05302058<\/span><\/p>\n<p><span class=\"selectable-text copyable-text false\">Tax number: 65345\/16560<\/span><\/p>\n<p>Sales tax identification number: DE355621109<\/p>\n<p>Responsible for the content according to \u00a7 55 paragraph 2 of the Interstate Broadcasting Treaty: Qamer uddin Sabri, Miller-Str. 3, 74076 Heilbronn, Germany<\/p>\n<p>Legal notice:<\/p>\n<p>Qamer uddin Sabri \u2013 SofTech Source regularly checks and updates the information on its websites. Despite all due care, the data may have changed in the meantime. Therefore, no liability or guarantee can be assumed for the topicality, correctness and completeness of the information provided. The same applies to all other websites referred to by hyperlink. The operators of these sites are solely liable for their content.<\/p>\n<p>Disclaimer<\/p>\n<p>All information provided on this website has been compiled and checked to the best of our knowledge and belief. However, we cannot guarantee that the information provided is up-to-date, correct, complete or available at all times. A contractual relationship with the users of the internet offer does not come about.<\/p>\n<p>We are not liable for any damage caused by the use of this website. This exclusion of liability does not apply if the provisions of \u00a7 839 BGB (liability for breach of official duty) are relevant. No liability is accepted for any damage caused by malware or the installation or use of software when calling up or downloading data.<\/p>\n<p>Links and references (disclaimer)<\/p>\n<p>Cross-references (\u201clinks\u201d) to the websites of other providers are to be distinguished from our own content. Through these links, we merely provide access to the use of third-party content in accordance with \u00a7 8 of the German Telemedia Act. When first linking to these internet offers, we have checked this external content to see whether it could trigger any possible civil or criminal liability. However, we cannot constantly check this external content for changes and therefore cannot accept any responsibility for it. The respective provider of the site is solely liable for illegal, incorrect or incomplete content and in particular for damages arising from the use or non-use of third-party information.<\/p>\n<p>Unless otherwise stated, the contents of www.softechsource.de are protected by copyright.<\/p>\n<p>Images used on this website include mainly images from pexels.com and unsplash.com and from participating photographers<\/p>\n<p>Gender note:<\/p>\n<p>For reasons of easier readability and user-friendliness, the simultaneous use of the masculine and feminine personal designations is omitted. The use of the masculine form includes the feminine form.<\/p>\n<\/div><\/div><\/div><\/div><\/div><\/div><\/div><\/div><\/section>","protected":false},"excerpt":{"rendered":"Legal NoticeQamer uddin Sabri - SofTech Source MillerStr 3, 74076 Heilbronn, Germany E-Mail: info@softechsource.com +49 (0) 159 05302058 Steuernummer: 65345\/16560 Umsatzsteuer-Identifikationsnummer: DE355621109 Verantwortlich f\u00fcr den Inhalt gem\u00e4\u00df \u00a7 55 Abs. 2 des Rundfunkstaatsvertrages Qamer uddin Sabri, Miller-Str. 3, 74076 Heilbronn, Deutschland Rechtliche Hinweise: Qamer uddin Sabri - SofTech Source pr\u00fcft und aktualisiert die Informationen auf seinen Webseiten regelm\u00e4\u00dfig. Trotz aller Sorgfalt k\u00f6nnen sich die Daten zwischenzeitlich ver\u00e4ndert haben. Eine Haftung oder Garantie f\u00fcr die Aktualit\u00e4t, Richtigkeit und Vollst\u00e4ndigkeit der zur Verf\u00fcgung gestellten Informationen kann daher nicht \u00fcbernommen werden. Gleiches gilt auch f\u00fcr alle anderen Websites, auf die mittels Hyperlink verwiesen wird. F\u00fcr den Inhalt dieser Seiten sind ausschlie\u00dflich deren Betreiber verantwortlich. Haftungsausschluss Alle in diesem Internetangebot befindlichen Informationen wurden nach bestem Wissen und Gewissen zusammengestellt und gepr\u00fcft. Wir \u00fcbernehmen jedoch keine Gew\u00e4hr f\u00fcr die Aktualit\u00e4t, Richtigkeit, Vollst\u00e4ndigkeit oder jederzeitige Verf\u00fcgbarkeit der bereitgestellten Informationen. Ein Vertragsverh\u00e4ltnis mit den Nutzern des Internetangebots kommt nicht zustande. Wir haften nicht f\u00fcr Sch\u00e4den, die durch die Nutzung dieses Internetangebotes verursacht werden. Dieser Haftungsausschluss gilt nicht, soweit die Vorschriften des \u00a7 839 BGB (Haftung f\u00fcr Amtspflichtverletzungen) einschl\u00e4gig sind. F\u00fcr etwaige Sch\u00e4den, die beim Aufrufen oder Herunterladen von Daten durch Schadsoftware oder der Installation oder Nutzung von...","protected":false},"author":1,"featured_media":0,"parent":0,"menu_order":0,"comment_status":"closed","ping_status":"closed","template":"","meta":{"footnotes":""},"class_list":["post-22905","page","type-page","status-publish","hentry"],"yoast_head":"<!-- This site is optimized with the Yoast SEO plugin v25.3.1 - https:\/\/yoast.com\/wordpress\/plugins\/seo\/ -->\n<title>Impressum - Softech Source<\/title>\n<meta name=\"robots\" content=\"index, follow, max-snippet:-1, max-image-preview:large, max-video-preview:-1\" \/>\n<link rel=\"canonical\" href=\"https:\/\/softechsource.com\/en\/legal-notice\/\" \/>\n<meta property=\"og:locale\" content=\"en_US\" \/>\n<meta property=\"og:type\" content=\"article\" \/>\n<meta property=\"og:title\" content=\"Impressum - Softech Source\" \/>\n<meta property=\"og:url\" content=\"https:\/\/softechsource.com\/en\/legal-notice\/\" \/>\n<meta property=\"og:site_name\" content=\"Softech Source\" \/>\n<meta property=\"article:modified_time\" content=\"2025-05-19T19:09:25+00:00\" \/>\n<meta name=\"twitter:card\" content=\"summary_large_image\" \/>\n<meta name=\"twitter:label1\" content=\"Est. reading time\" \/>\n\t<meta name=\"twitter:data1\" content=\"2 minutes\" \/>\n<script type=\"application\/ld+json\" class=\"yoast-schema-graph\">{\"@context\":\"https:\/\/schema.org\",\"@graph\":[{\"@type\":\"WebPage\",\"@id\":\"https:\/\/softechsource.com\/legal-notice\/\",\"url\":\"https:\/\/softechsource.com\/legal-notice\/\",\"name\":\"Impressum - Softech Source\",\"isPartOf\":{\"@id\":\"https:\/\/softechsource.com\/#website\"},\"datePublished\":\"2024-01-05T14:07:44+00:00\",\"dateModified\":\"2025-05-19T19:09:25+00:00\",\"breadcrumb\":{\"@id\":\"https:\/\/softechsource.com\/legal-notice\/#breadcrumb\"},\"inLanguage\":\"en-US\",\"potentialAction\":[{\"@type\":\"ReadAction\",\"target\":[\"https:\/\/softechsource.com\/legal-notice\/\"]}]},{\"@type\":\"BreadcrumbList\",\"@id\":\"https:\/\/softechsource.com\/legal-notice\/#breadcrumb\",\"itemListElement\":[{\"@type\":\"ListItem\",\"position\":1,\"name\":\"Home\",\"item\":\"https:\/\/softechsource.com\/\"},{\"@type\":\"ListItem\",\"position\":2,\"name\":\"Impressum\"}]},{\"@type\":\"WebSite\",\"@id\":\"https:\/\/softechsource.com\/#website\",\"url\":\"https:\/\/softechsource.com\/\",\"name\":\"Softech Source\",\"description\":\"\",\"publisher\":{\"@id\":\"https:\/\/softechsource.com\/#organization\"},\"potentialAction\":[{\"@type\":\"SearchAction\",\"target\":{\"@type\":\"EntryPoint\",\"urlTemplate\":\"https:\/\/softechsource.com\/?s={search_term_string}\"},\"query-input\":{\"@type\":\"PropertyValueSpecification\",\"valueRequired\":true,\"valueName\":\"search_term_string\"}}],\"inLanguage\":\"en-US\"},{\"@type\":\"Organization\",\"@id\":\"https:\/\/softechsource.com\/#organization\",\"name\":\"Softech Source\",\"url\":\"https:\/\/softechsource.com\/\",\"logo\":{\"@type\":\"ImageObject\",\"inLanguage\":\"en-US\",\"@id\":\"https:\/\/softechsource.com\/#\/schema\/logo\/image\/\",\"url\":\"https:\/\/softechsource.com\/wp-content\/uploads\/2023\/11\/upload-logo.png\",\"contentUrl\":\"https:\/\/softechsource.com\/wp-content\/uploads\/2023\/11\/upload-logo.png\",\"width\":400,\"height\":212,\"caption\":\"Softech Source\"},\"image\":{\"@id\":\"https:\/\/softechsource.com\/#\/schema\/logo\/image\/\"}}]}<\/script>\n<!-- \/ Yoast SEO plugin. -->","yoast_head_json":{"title":"Impressum - Softech Source","robots":{"index":"index","follow":"follow","max-snippet":"max-snippet:-1","max-image-preview":"max-image-preview:large","max-video-preview":"max-video-preview:-1"},"canonical":"https:\/\/softechsource.com\/en\/legal-notice\/","og_locale":"en_US","og_type":"article","og_title":"Impressum - Softech Source","og_url":"https:\/\/softechsource.com\/en\/legal-notice\/","og_site_name":"Softech Source","article_modified_time":"2025-05-19T19:09:25+00:00","twitter_card":"summary_large_image","twitter_misc":{"Est. reading time":"2 minutes"},"schema":{"@context":"https:\/\/schema.org","@graph":[{"@type":"WebPage","@id":"https:\/\/softechsource.com\/legal-notice\/","url":"https:\/\/softechsource.com\/legal-notice\/","name":"Impressum - Softech Source","isPartOf":{"@id":"https:\/\/softechsource.com\/#website"},"datePublished":"2024-01-05T14:07:44+00:00","dateModified":"2025-05-19T19:09:25+00:00","breadcrumb":{"@id":"https:\/\/softechsource.com\/legal-notice\/#breadcrumb"},"inLanguage":"en-US","potentialAction":[{"@type":"ReadAction","target":["https:\/\/softechsource.com\/legal-notice\/"]}]},{"@type":"BreadcrumbList","@id":"https:\/\/softechsource.com\/legal-notice\/#breadcrumb","itemListElement":[{"@type":"ListItem","position":1,"name":"Home","item":"https:\/\/softechsource.com\/"},{"@type":"ListItem","position":2,"name":"Impressum"}]},{"@type":"WebSite","@id":"https:\/\/softechsource.com\/#website","url":"https:\/\/softechsource.com\/","name":"Softech Source","description":"","publisher":{"@id":"https:\/\/softechsource.com\/#organization"},"potentialAction":[{"@type":"SearchAction","target":{"@type":"EntryPoint","urlTemplate":"https:\/\/softechsource.com\/?s={search_term_string}"},"query-input":{"@type":"PropertyValueSpecification","valueRequired":true,"valueName":"search_term_string"}}],"inLanguage":"en-US"},{"@type":"Organization","@id":"https:\/\/softechsource.com\/#organization","name":"Softech Source","url":"https:\/\/softechsource.com\/","logo":{"@type":"ImageObject","inLanguage":"en-US","@id":"https:\/\/softechsource.com\/#\/schema\/logo\/image\/","url":"https:\/\/softechsource.com\/wp-content\/uploads\/2023\/11\/upload-logo.png","contentUrl":"https:\/\/softechsource.com\/wp-content\/uploads\/2023\/11\/upload-logo.png","width":400,"height":212,"caption":"Softech Source"},"image":{"@id":"https:\/\/softechsource.com\/#\/schema\/logo\/image\/"}}]}},"_links":{"self":[{"href":"https:\/\/softechsource.com\/en\/wp-json\/wp\/v2\/pages\/22905"}],"collection":[{"href":"https:\/\/softechsource.com\/en\/wp-json\/wp\/v2\/pages"}],"about":[{"href":"https:\/\/softechsource.com\/en\/wp-json\/wp\/v2\/types\/page"}],"author":[{"embeddable":true,"href":"https:\/\/softechsource.com\/en\/wp-json\/wp\/v2\/users\/1"}],"replies":[{"embeddable":true,"href":"https:\/\/softechsource.com\/en\/wp-json\/wp\/v2\/comments?post=22905"}],"version-history":[{"count":6,"href":"https:\/\/softechsource.com\/en\/wp-json\/wp\/v2\/pages\/22905\/revisions"}],"predecessor-version":[{"id":23511,"href":"https:\/\/softechsource.com\/en\/wp-json\/wp\/v2\/pages\/22905\/revisions\/23511"}],"wp:attachment":[{"href":"https:\/\/softechsource.com\/en\/wp-json\/wp\/v2\/media?parent=22905"}],"curies":[{"name":"wp","href":"https:\/\/api.w.org\/{rel}","templated":true}]}}