{"id":22689,"date":"2023-12-18T13:55:27","date_gmt":"2023-12-18T13:55:27","guid":{"rendered":"https:\/\/softechsource.com\/?page_id=22689"},"modified":"2025-07-02T12:17:41","modified_gmt":"2025-07-02T11:17:41","slug":"data-analytics","status":"publish","type":"page","link":"https:\/\/softechsource.com\/en\/data-analytics\/","title":{"rendered":"Data Analytics"},"content":{"rendered":"<section class=\"vc_row wpb_row vc_row-fluid  vc_custom_1745655735875\"><div class=\"wpb_column vc_column_container vc_col-sm-6  col-xs-mobile-fullwidth\"><div class=\"vc_column-inner\"><div class=\"wpb_wrapper\"><h6 class=\"text-extra-dark-gray margin-20px-bottom font-weight-600 display-inline-block alt-font heading-style2  heading-1\"  style=\"font-weight: 500; color: #000000;\">Our Services<\/h6><div class=\"last-paragraph-no-margin\" style=\"color: #808080;\"><p><span style=\"color: #000000;\"><strong>Data preparation<\/strong><\/span><\/p>\n<p>If you don\u2019t have data then don\u2019t worry we create it for you. Once data is available we implement its preparation module which performs all the necessary steps makes the data consumable in the next steps of the pipeline.<\/p>\n<p><span style=\"color: #000000;\"><strong>Ensure data quality &amp; Data management<\/strong><\/span><\/p>\n<p>SofTech Source implements a robust data quality and  management framework to organize your processes of data security, access, collection, storage, and analysis, etc. In addition, we manage both unstructured and structured data in large volumes.<\/p>\n<p><span style=\"color: #000000;\"><strong>Data Analytics modernization<\/strong><\/span><\/p>\n<p>Our team at SofTech Source is fully equipped with modern concepts and latest tools. We can migrate your existing data analytics solution to the latest technology stack in order to achieve maximum ROI and meet the new data analytics needs.<\/p>\n<\/div><div class=\"last-paragraph-no-margin\"><p>If you don\u2019t have data then don\u2019t worry we create it for you. Once data is available we implement its preparation module which performs all the necessary steps makes the data consumable in the next steps of the pipeline.<\/p>\n<\/div><\/div><\/div><\/div><div class=\"wpb_column vc_column_container vc_col-sm-6  col-xs-mobile-fullwidth\"><div class=\"vc_column-inner\"><div class=\"wpb_wrapper\">\n\t<div  class=\"wpb_single_image wpb_content_element vc_align_center  vc_custom_1745669695760\">\n\t\t\n\t\t<figure class=\"wpb_wrapper vc_figure\">\n\t\t\t<div class=\"vc_single_image-wrapper vc_box_rounded  vc_box_border_grey\"><img fetchpriority=\"high\" decoding=\"async\" class=\"vc_single_image-img\" src=\"https:\/\/softechsource.com\/wp-content\/uploads\/2024\/01\/businessman-hand-finance-business-chart-metaverse-technology-financial-graph-investment-1-450x300.jpg\" width=\"450\" height=\"300\" alt=\"businessman-hand-finance-business-chart-metaverse-technology-financial-graph-investment (1)\" title=\"businessman-hand-finance-business-chart-metaverse-technology-financial-graph-investment (1)\" \/><\/div>\n\t\t<\/figure>\n\t<\/div>\n<\/div><\/div><\/div><\/section><section class=\"vc_row wpb_row vc_row-fluid  vc_custom_1745656309424 wow fadeIn vc_column-gap-20\"><div class=\"wpb_column vc_column_container vc_col-sm-12  col-xs-mobile-fullwidth\"><div class=\"vc_column-inner\"><div class=\"wpb_wrapper\"><div class=\"vc_row wpb_row vc_inner vc_row-fluid   vc_row-o-equal-height vc_row-o-content-middle vc_row-flex\"><div class=\"wpb_column vc_column_container vc_col-sm-12 vc_col-md-5 vc_col-xs-12 wow fadeInLeft text-center pofo-column-responsive-69e4f0a42750d\"><div class=\"vc_column-inner\"><div class=\"wpb_wrapper\">\n\t<div  class=\"wpb_single_image wpb_content_element vc_align_center\">\n\t\t\n\t\t<figure class=\"wpb_wrapper vc_figure\">\n\t\t\t<div class=\"vc_single_image-wrapper vc_box_rounded  vc_box_border_grey\"><img decoding=\"async\" class=\"vc_single_image-img\" src=\"https:\/\/softechsource.com\/wp-content\/uploads\/2024\/01\/data-001-600x400.png\" width=\"600\" height=\"400\" alt=\"data-001\" title=\"data-001\" \/><\/div>\n\t\t<\/figure>\n\t<\/div>\n<\/div><\/div><\/div><div class=\"wpb_column vc_column_container vc_col-sm-12 vc_col-md-7 vc_col-xs-12 wow fadeInRight sm-text-center pofo-column-responsive-69e4f0a42799c\"><div class=\"vc_column-inner vc_custom_1507545381822\"><div class=\"wpb_wrapper\"><h6 class=\"text-extra-dark-gray margin-20px-bottom font-weight-600 display-inline-block alt-font heading-style2  heading-2\"  style=\"font-weight: 500;\">Data Analytics (Creating value from data insights)<\/h6><div class=\"last-paragraph-no-margin\" style=\"color: #808080;\"><p>SofTech Source helps organisations build their data management and analytics strategy to keep them ahead of the competitive market. STS creates advanced data architectures, implements data solutions and renders managed data analytics services for all kinds of businesses with different levels of data maturity.<\/p>\n<p>Our data analytics services help businesses of different industries in Germany and around the globe to integrate, aggregate, and analyse various data types from multiple data sources to address their most deliberate needs at every level.<\/p>\n<\/div><h6 class=\"text-extra-dark-gray margin-20px-bottom font-weight-600 display-inline-block alt-font heading-style2  vc_custom_1746822776079  heading-3\"  style=\"font-weight: 500;\">Maximise Your Data Value with SofTech Source<\/h6><div class=\"last-paragraph-no-margin\"><p>Being truly result-oriented, we are happy when our teamwork for business clients pays off in a tangible way, such as:<\/p>\n<ul>\n<li>Faster data reporting.<\/li>\n<li>Increase in revenue.<\/li>\n<li>Reduction of operational costs.<\/li>\n<\/ul>\n<\/div><\/div><\/div><\/div><\/div><\/div><\/div><\/div><\/section><section class=\"vc_row wpb_row vc_row-fluid  vc_custom_1745656052511 wow fadeIn vc_column-gap-20\"><div class=\"wpb_column vc_column_container vc_col-sm-12  col-xs-mobile-fullwidth\"><div class=\"vc_column-inner\"><div class=\"wpb_wrapper\"><div class=\"vc_row wpb_row vc_inner vc_row-fluid   vc_row-o-equal-height vc_row-flex\"><div class=\"wpb_column vc_column_container vc_col-sm-12 vc_col-md-5 vc_col-xs-12 wow fadeInLeft text-left pofo-column-responsive-69e4f0a427c74\"><div class=\"vc_column-inner\"><div class=\"wpb_wrapper\"><h6 class=\"text-extra-dark-gray margin-20px-bottom font-weight-600 display-inline-block alt-font heading-style2  heading-4\"  style=\"font-weight: 500;\">Advanced Analytics Solutions<\/h6><div class=\"last-paragraph-no-margin\"><p><span style=\"font-weight: 400;\">These days its competition everywhere and businesses face a lot of challenges. We understand your business challenges and address them with quality and confidence. Our analytics solutions facilitate addressing your current data analytics needs. Most importantly our solutions have the capability to scale up depending upon need. We perform data preparation, development, tuning and deployment of machine learning models. Our customers find the solution in one place as we design and implement end-to-end solutions.<\/span><\/p>\n<p><strong>Reporting &amp; Visualization<\/strong><\/p>\n<p><span style=\"font-weight: 400;\">Reporting &amp; visualisation plays a very crucial role. A good visualisation helps the audience to analyse the business insights quickly, easily and efficiently. For our valued customers in Germany and around the globe we have created: Interactive dashboards, Custom visuals, and multiple visualisations techniques.<\/span><\/p>\n<p><strong>Big Data Engineering<\/strong><\/p>\n<p><span style=\"font-weight: 400;\">We work to Store and process terabytes of data to provide near-real-time analytics<\/span><\/p>\n<p><strong>Predictive Analytics<\/strong><\/p>\n<p><span style=\"font-weight: 400;\">Our predictive analytics solutions make predictions about the future and hence ensure to minimise risk and maximise the profitability.<\/span><\/p>\n<\/div><\/div><\/div><\/div><div class=\"wpb_column vc_column_container vc_col-sm-12 vc_col-md-7 vc_col-xs-12 wow fadeInRight text-center sm-text-center xs-text-center pofo-column-responsive-69e4f0a427dd4\"><div class=\"vc_column-inner vc_custom_1746350266003\"><div class=\"wpb_wrapper\">\n\t<div  class=\"wpb_single_image wpb_content_element vc_align_center\">\n\t\t\n\t\t<figure class=\"wpb_wrapper vc_figure\">\n\t\t\t<div class=\"vc_single_image-wrapper vc_box_rounded  vc_box_border_grey\"><img decoding=\"async\" class=\"vc_single_image-img\" src=\"https:\/\/softechsource.com\/wp-content\/uploads\/2023\/12\/data-solutins-600x400.png\" width=\"600\" height=\"400\" alt=\"data-solutins\" title=\"data-solutins\" \/><\/div>\n\t\t<\/figure>\n\t<\/div>\n<\/div><\/div><\/div><\/div><\/div><\/div><\/div><\/section>","protected":false},"excerpt":{"rendered":"Unsere DienstleistungenDatenverarbeitung Wenn Sie keine Daten haben, dann machen Sie sich keine Sorgen, wir erstellen sie f\u00fcr Sie. Sobald die Daten verf\u00fcgbar sind, implementieren wir das Aufbereitungsmodul, das alle notwendigen Schritte durchf\u00fchrt, um die Daten f\u00fcr die n\u00e4chsten Schritte der Pipeline nutzbar zu machen. Sicherstellung der Datenqualit\u00e4t &amp; Datenmanagement SofTech Source implementiert ein robustes Datenqualit\u00e4ts- und -management-Framework, um Ihre Prozesse der Datensicherheit, des Zugriffs, der Sammlung, der Speicherung und der Analyse etc. zu organisieren. Dar\u00fcber hinaus verwalten wir sowohl unstrukturierte als auch strukturierte Daten in gro\u00dfen Mengen. Datenanalyse-Modernisierung Unser Team bei SofTech Source ist mit modernen Konzepten und neuesten Tools ausgestattet. Wir k\u00f6nnen Ihre bestehende Datenanalysel\u00f6sung auf den neuesten Technologiestack migrieren, um einen maximalen ROI zu erzielen und die neuen Datenanalyseanforderungen zu erf\u00fcllen. If you don\u2019t have data then don\u2019t worry we create it for you. Once data is available we implement its preparation module which performs all the necessary steps makes the data consumable in the next steps of the pipeline. Datenanalyse (\u201eMehrwert aus Datenerkenntnissen schaffen\u201c)SofTech Source unterst\u00fctzt Unternehmen beim Aufbau ihrer Datenmanagement- und -analysestrategie, um ihnen einen Vorsprung im Wettbewerb zu verschaffen. STS entwickelt fortschrittliche Datenarchitekturen, implementiert Datenl\u00f6sungen und erbringt Managed Data Analytics Services f\u00fcr alle Arten von...","protected":false},"author":1,"featured_media":0,"parent":0,"menu_order":0,"comment_status":"closed","ping_status":"closed","template":"","meta":{"footnotes":""},"class_list":["post-22689","page","type-page","status-publish","hentry"],"yoast_head":"<!-- This site is optimized with the Yoast SEO plugin v25.3.1 - https:\/\/yoast.com\/wordpress\/plugins\/seo\/ -->\n<title>Datenanalyse - Softech Source<\/title>\n<meta name=\"robots\" content=\"index, follow, max-snippet:-1, max-image-preview:large, max-video-preview:-1\" \/>\n<link rel=\"canonical\" href=\"https:\/\/softechsource.com\/en\/data-analytics\/\" \/>\n<meta property=\"og:locale\" content=\"en_US\" \/>\n<meta property=\"og:type\" content=\"article\" \/>\n<meta property=\"og:title\" content=\"Datenanalyse - Softech Source\" \/>\n<meta property=\"og:url\" content=\"https:\/\/softechsource.com\/en\/data-analytics\/\" \/>\n<meta property=\"og:site_name\" content=\"Softech Source\" \/>\n<meta property=\"article:modified_time\" content=\"2025-07-02T11:17:41+00:00\" \/>\n<meta name=\"twitter:card\" content=\"summary_large_image\" \/>\n<meta name=\"twitter:label1\" content=\"Est. reading time\" \/>\n\t<meta name=\"twitter:data1\" content=\"4 minutes\" \/>\n<script type=\"application\/ld+json\" class=\"yoast-schema-graph\">{\"@context\":\"https:\/\/schema.org\",\"@graph\":[{\"@type\":\"WebPage\",\"@id\":\"https:\/\/softechsource.com\/data-analytics\/\",\"url\":\"https:\/\/softechsource.com\/data-analytics\/\",\"name\":\"Datenanalyse - Softech Source\",\"isPartOf\":{\"@id\":\"https:\/\/softechsource.com\/#website\"},\"datePublished\":\"2023-12-18T13:55:27+00:00\",\"dateModified\":\"2025-07-02T11:17:41+00:00\",\"breadcrumb\":{\"@id\":\"https:\/\/softechsource.com\/data-analytics\/#breadcrumb\"},\"inLanguage\":\"en-US\",\"potentialAction\":[{\"@type\":\"ReadAction\",\"target\":[\"https:\/\/softechsource.com\/data-analytics\/\"]}]},{\"@type\":\"BreadcrumbList\",\"@id\":\"https:\/\/softechsource.com\/data-analytics\/#breadcrumb\",\"itemListElement\":[{\"@type\":\"ListItem\",\"position\":1,\"name\":\"Home\",\"item\":\"https:\/\/softechsource.com\/\"},{\"@type\":\"ListItem\",\"position\":2,\"name\":\"Datenanalyse\"}]},{\"@type\":\"WebSite\",\"@id\":\"https:\/\/softechsource.com\/#website\",\"url\":\"https:\/\/softechsource.com\/\",\"name\":\"Softech Source\",\"description\":\"\",\"publisher\":{\"@id\":\"https:\/\/softechsource.com\/#organization\"},\"potentialAction\":[{\"@type\":\"SearchAction\",\"target\":{\"@type\":\"EntryPoint\",\"urlTemplate\":\"https:\/\/softechsource.com\/?s={search_term_string}\"},\"query-input\":{\"@type\":\"PropertyValueSpecification\",\"valueRequired\":true,\"valueName\":\"search_term_string\"}}],\"inLanguage\":\"en-US\"},{\"@type\":\"Organization\",\"@id\":\"https:\/\/softechsource.com\/#organization\",\"name\":\"Softech Source\",\"url\":\"https:\/\/softechsource.com\/\",\"logo\":{\"@type\":\"ImageObject\",\"inLanguage\":\"en-US\",\"@id\":\"https:\/\/softechsource.com\/#\/schema\/logo\/image\/\",\"url\":\"https:\/\/softechsource.com\/wp-content\/uploads\/2023\/11\/upload-logo.png\",\"contentUrl\":\"https:\/\/softechsource.com\/wp-content\/uploads\/2023\/11\/upload-logo.png\",\"width\":400,\"height\":212,\"caption\":\"Softech Source\"},\"image\":{\"@id\":\"https:\/\/softechsource.com\/#\/schema\/logo\/image\/\"}}]}<\/script>\n<!-- \/ Yoast SEO plugin. -->","yoast_head_json":{"title":"Datenanalyse - Softech Source","robots":{"index":"index","follow":"follow","max-snippet":"max-snippet:-1","max-image-preview":"max-image-preview:large","max-video-preview":"max-video-preview:-1"},"canonical":"https:\/\/softechsource.com\/en\/data-analytics\/","og_locale":"en_US","og_type":"article","og_title":"Datenanalyse - Softech Source","og_url":"https:\/\/softechsource.com\/en\/data-analytics\/","og_site_name":"Softech Source","article_modified_time":"2025-07-02T11:17:41+00:00","twitter_card":"summary_large_image","twitter_misc":{"Est. reading time":"4 minutes"},"schema":{"@context":"https:\/\/schema.org","@graph":[{"@type":"WebPage","@id":"https:\/\/softechsource.com\/data-analytics\/","url":"https:\/\/softechsource.com\/data-analytics\/","name":"Datenanalyse - Softech Source","isPartOf":{"@id":"https:\/\/softechsource.com\/#website"},"datePublished":"2023-12-18T13:55:27+00:00","dateModified":"2025-07-02T11:17:41+00:00","breadcrumb":{"@id":"https:\/\/softechsource.com\/data-analytics\/#breadcrumb"},"inLanguage":"en-US","potentialAction":[{"@type":"ReadAction","target":["https:\/\/softechsource.com\/data-analytics\/"]}]},{"@type":"BreadcrumbList","@id":"https:\/\/softechsource.com\/data-analytics\/#breadcrumb","itemListElement":[{"@type":"ListItem","position":1,"name":"Home","item":"https:\/\/softechsource.com\/"},{"@type":"ListItem","position":2,"name":"Datenanalyse"}]},{"@type":"WebSite","@id":"https:\/\/softechsource.com\/#website","url":"https:\/\/softechsource.com\/","name":"Softech Source","description":"","publisher":{"@id":"https:\/\/softechsource.com\/#organization"},"potentialAction":[{"@type":"SearchAction","target":{"@type":"EntryPoint","urlTemplate":"https:\/\/softechsource.com\/?s={search_term_string}"},"query-input":{"@type":"PropertyValueSpecification","valueRequired":true,"valueName":"search_term_string"}}],"inLanguage":"en-US"},{"@type":"Organization","@id":"https:\/\/softechsource.com\/#organization","name":"Softech Source","url":"https:\/\/softechsource.com\/","logo":{"@type":"ImageObject","inLanguage":"en-US","@id":"https:\/\/softechsource.com\/#\/schema\/logo\/image\/","url":"https:\/\/softechsource.com\/wp-content\/uploads\/2023\/11\/upload-logo.png","contentUrl":"https:\/\/softechsource.com\/wp-content\/uploads\/2023\/11\/upload-logo.png","width":400,"height":212,"caption":"Softech Source"},"image":{"@id":"https:\/\/softechsource.com\/#\/schema\/logo\/image\/"}}]}},"_links":{"self":[{"href":"https:\/\/softechsource.com\/en\/wp-json\/wp\/v2\/pages\/22689"}],"collection":[{"href":"https:\/\/softechsource.com\/en\/wp-json\/wp\/v2\/pages"}],"about":[{"href":"https:\/\/softechsource.com\/en\/wp-json\/wp\/v2\/types\/page"}],"author":[{"embeddable":true,"href":"https:\/\/softechsource.com\/en\/wp-json\/wp\/v2\/users\/1"}],"replies":[{"embeddable":true,"href":"https:\/\/softechsource.com\/en\/wp-json\/wp\/v2\/comments?post=22689"}],"version-history":[{"count":54,"href":"https:\/\/softechsource.com\/en\/wp-json\/wp\/v2\/pages\/22689\/revisions"}],"predecessor-version":[{"id":23520,"href":"https:\/\/softechsource.com\/en\/wp-json\/wp\/v2\/pages\/22689\/revisions\/23520"}],"wp:attachment":[{"href":"https:\/\/softechsource.com\/en\/wp-json\/wp\/v2\/media?parent=22689"}],"curies":[{"name":"wp","href":"https:\/\/api.w.org\/{rel}","templated":true}]}}