{"id":18817,"date":"2017-11-08T05:31:41","date_gmt":"2017-11-08T05:31:41","guid":{"rendered":"https:\/\/pofo.themezaa.com\/?page_id=18817"},"modified":"2025-05-17T13:18:01","modified_gmt":"2025-05-17T12:18:01","slug":"privacy-policy","status":"publish","type":"page","link":"https:\/\/softechsource.com\/en\/privacy-policy\/","title":{"rendered":"Privacy Policy"},"content":{"rendered":"<section class=\"vc_row wpb_row vc_row-fluid  vc_custom_1510651119539 wow none pofo-row-responsive-69dd9ad1b1e98\"><div class=\"wpb_column vc_column_container vc_col-sm-12  col-xs-mobile-fullwidth\"><div class=\"vc_column-inner\"><div class=\"wpb_wrapper\"><div class=\"vc_row wpb_row vc_inner vc_row-fluid\"><div class=\"wpb_column vc_column_container vc_col-sm-12  col-xs-mobile-fullwidth\"><div class=\"vc_column-inner\"><div class=\"wpb_wrapper\"><h5 class=\"text-extra-dark-gray margin-20px-bottom font-weight-600 alt-font heading-style2  heading-1\"  style=\"font-weight: 500;\">1. Privacy at a glance<\/h5><h6 class=\"text-extra-dark-gray margin-20px-bottom font-weight-600 alt-font heading-style2  heading-2\"  style=\"font-weight: 500;\">General information<\/h6><div class=\"last-paragraph-no-margin\"><p>The following notes provide a simple overview of what happens to your personal data when you visit this website. Personal data is all data with which you can be personally identified. Detailed information on the subject of data protection can be found in our data protection declaration listed under this text.<\/p>\n<\/div><div class=\"vc_empty_space\"   style=\"height: 32px\"><span class=\"vc_empty_space_inner\"><\/span><\/div><h6 class=\"text-extra-dark-gray margin-20px-bottom font-weight-600 alt-font heading-style2  heading-3\"  style=\"font-weight: 500;\">Data collection on this website<\/h6><div class=\"last-paragraph-no-margin\"><p><strong>Who is responsible for data collection on this website?<\/strong><\/p>\n<p>The data processing on this website is carried out by the website operator. You can find their contact details in the imprint of this website.<\/p>\n<p><strong>How do we collect your data?<\/strong><\/p>\n<p>On the one hand, your data is collected when you communicate it to us. This can be z. B. be data that you enter in a contact form.<\/p>\n<p>Other data is collected automatically or with your consent by our IT systems when you visit the website. This is primarily technical data (e.g. internet browser, operating system or time of the page view). This data is collected automatically as soon as you enter this website.<\/p>\n<p><strong>What do we use your data for?<\/strong><\/p>\n<p>Part of the data is collected to ensure that the website is provided without errors. Other data can be used to analyze your user behavior.<\/p>\n<p><strong>What rights do you have regarding your data?<\/strong><\/p>\n<p>You have the right to receive information about the origin, recipient and purpose of your stored personal data free of charge at any time. You also have the right to request the correction or deletion of this data. If you have given your consent to data processing, you can revoke this consent at any time for the future. You also have the right, under certain circumstances, to request that the processing of your personal data be restricted. You also have the right to lodge a complaint with the competent supervisory authority.<\/p>\n<p>You can contact us at any time at the address given in the imprint if you have any further questions on the subject of data protection.<\/p>\n<\/div><div class=\"vc_empty_space\"   style=\"height: 32px\"><span class=\"vc_empty_space_inner\"><\/span><\/div><h5 class=\"text-extra-dark-gray margin-20px-bottom font-weight-600 alt-font heading-style2  heading-4\"  style=\"font-weight: 500;\">2. Hosting and Content Delivery Networks (CDN)<\/h5><h6 class=\"text-extra-dark-gray margin-20px-bottom font-weight-600 alt-font heading-style2  heading-5\"  style=\"font-weight: 500;\">External Hosting<\/h6><div class=\"last-paragraph-no-margin\"><p>This website is hosted by an external service provider (hoster). The personal data collected on this website is stored on the host\u2019s servers. This can primarily be IP addresses, contact requests, meta and communication data, contract data, contact data, names, website access and other data generated via a website.<\/p>\n<p>The hoster is used for the purpose of fulfilling the contract with our potential and existing customers (Art. 6 Para. 1 lit. b DSGVO) and in the interest of a secure, fast and efficient provision of our online offer by a professional provider (Art. 6 Para 1 lit. f GDPR).<\/p>\n<p>Our hoster will only process your data to the extent that this is necessary to fulfill its performance obligations and will follow our instructions in relation to this data.<\/p>\n<\/div><div class=\"vc_empty_space\"   style=\"height: 32px\"><span class=\"vc_empty_space_inner\"><\/span><\/div><h5 class=\"text-extra-dark-gray margin-20px-bottom font-weight-600 alt-font heading-style2  heading-6\"  style=\"font-weight: 500;\">3. General information and mandatory information<\/h5><h6 class=\"text-extra-dark-gray margin-20px-bottom font-weight-600 alt-font heading-style2  heading-7\"  style=\"font-weight: 500;\">Privacy<\/h6><div class=\"last-paragraph-no-margin\"><p>The operators of these pages take the protection of your personal data very seriously. We treat your personal data confidentially and in accordance with the statutory data protection regulations and this data protection declaration.<\/p>\n<p>If you use this website, various personal data will be collected. Personal data is data with which you can be personally identified. This data protection declaration explains what data we collect and what we use it for. It also explains how and for what purpose this happens.<\/p>\n<p>We would like to point out that data transmission on the Internet (e.g. when communicating by e-mail) can have security gaps. A complete protection of the data against access by third parties is not possible.<\/p>\n<\/div><div class=\"vc_empty_space\"   style=\"height: 32px\"><span class=\"vc_empty_space_inner\"><\/span><\/div><h6 class=\"text-extra-dark-gray margin-20px-bottom font-weight-600 alt-font heading-style2  heading-8\"  style=\"font-weight: 500;\">Note on the responsible body<\/h6><div class=\"last-paragraph-no-margin\"><p>he responsible body for data processing on this website is:<\/p>\n<p>Qamer uddin Sabri \u2013 SofTech Source<br \/>\nMillerStr 3, 74076 Heilbronn, Germany<\/p>\n<p>Phone: 015905302058<br \/>\nE-Mail: info@softechsource.com<\/p>\n<p>The responsible body is the natural or legal person who, alone or together with others, decides on the purposes and means of processing personal data (e.g. names, e-mail addresses, etc.).<\/p>\n<\/div><div class=\"vc_empty_space\"   style=\"height: 32px\"><span class=\"vc_empty_space_inner\"><\/span><\/div><h6 class=\"text-extra-dark-gray margin-20px-bottom font-weight-600 alt-font heading-style2  heading-9\"  style=\"font-weight: 500;\">Revocation of your consent to data processing<\/h6><div class=\"last-paragraph-no-margin\"><p>Many data processing operations are only possible with your express consent. You can revoke consent that you have already given at any time. The legality of the data processing that took place up until the revocation remains unaffected by the revocation.<\/p>\n<\/div><div class=\"vc_empty_space\"   style=\"height: 32px\"><span class=\"vc_empty_space_inner\"><\/span><\/div><h6 class=\"text-extra-dark-gray margin-20px-bottom font-weight-600 alt-font heading-style2  heading-10\"  style=\"font-weight: 500;\">Right to object to data collection in special cases and to direct advertising (Art. 21 GDPR)<\/h6><div class=\"last-paragraph-no-margin\"><p>IF THE DATA PROCESSING IS BASED ON ART. 6 ABS. 1 LIT. E OR F GDPR, YOU HAVE THE RIGHT TO OBJECT TO THE PROCESSING OF YOUR PERSONAL DATA AT ANY TIME FOR REASONS ARISING FROM YOUR PARTICULAR SITUATION; THIS ALSO APPLIES TO PROFILING BASED ON THESE PROVISIONS. THE RESPECTIVE LEGAL BASIS ON WHICH A PROCESSING IS BASED CAN BE FOUND IN THIS DATA PRIVACY POLICY. IF YOU OBJECT, WE WILL NO LONGER PROCESS YOUR CONCERNED PERSONAL DATA UNLESS WE CAN PROVE COMPREHENSIVE GROUNDS FOR THE PROCESSING THAT OVERRIDE YOUR INTERESTS, RIGHTS AND FREEDOM OBJECTION ACCORDING TO ARTICLE 21 (1) GDPR).<\/p>\n<p>IF YOUR PERSONAL DATA IS PROCESSED FOR DIRECT ADVERTISING, YOU HAVE THE RIGHT TO OBJECT AT ANY TIME TO THE PROCESSING OF YOUR PERSONAL DATA FOR SUCH ADVERTISING PURPOSES; THIS ALSO APPLIES TO PROFILING TO THE EXTENT RELATED TO SUCH DIRECT ADVERTISING. IF YOU OBJECT, YOUR PERSONAL DATA WILL NO LONGER BE USED FOR DIRECT ADVERTISING PURPOSES (OBJECTION ACCORDING TO ART. 21 (2) GDPR).<\/p>\n<\/div><div class=\"vc_empty_space\"   style=\"height: 32px\"><span class=\"vc_empty_space_inner\"><\/span><\/div><h6 class=\"text-extra-dark-gray margin-20px-bottom font-weight-600 alt-font heading-style2  heading-11\"  style=\"font-weight: 500;\">Right of appeal to the competent supervisory authority<\/h6><div class=\"last-paragraph-no-margin\"><p>In the event of violations of the GDPR, those affected have the right to lodge a complaint with a supervisory authority, in particular in the Member State of their habitual residence, their place of work or the place of the alleged violation. The right to lodge a complaint is without prejudice to any other administrative or judicial remedy.<\/p>\n<\/div><div class=\"vc_empty_space\"   style=\"height: 32px\"><span class=\"vc_empty_space_inner\"><\/span><\/div><h6 class=\"text-extra-dark-gray margin-20px-bottom font-weight-600 alt-font heading-style2  heading-12\"  style=\"font-weight: 500;\">Right to data portability<\/h6><div class=\"last-paragraph-no-margin\"><p>You have the right to have data that we process automatically on the basis of your consent or in fulfillment of a contract handed over to you or to a third party in a common, machine-readable format. If you request the direct transfer of the data to another person responsible, this will only be done to the extent that it is technically feasible.<\/p>\n<\/div><div class=\"vc_empty_space\"   style=\"height: 32px\"><span class=\"vc_empty_space_inner\"><\/span><\/div><h6 class=\"text-extra-dark-gray margin-20px-bottom font-weight-600 alt-font heading-style2  heading-13\"  style=\"font-weight: 500;\">SSL or TLS encryption<\/h6><div class=\"last-paragraph-no-margin\"><p>For security reasons and to protect the transmission of confidential content, such as orders or inquiries that you send to us as the site operator, this site uses SSL or TLS encryption. You can recognize an encrypted connection by the fact that the address line of the browser changes from \u201chttp:\/\/\u201d to \u201chttps:\/\/\u201d and by the lock symbol in your browser line.<\/p>\n<p>If SSL or TLS encryption is activated, the data that you transmit to us cannot be read by third parties.<\/p>\n<\/div><div class=\"vc_empty_space\"   style=\"height: 32px\"><span class=\"vc_empty_space_inner\"><\/span><\/div><h6 class=\"text-extra-dark-gray margin-20px-bottom font-weight-600 alt-font heading-style2  heading-14\"  style=\"font-weight: 500;\">Information, deletion and correction<\/h6><div class=\"last-paragraph-no-margin\"><p>Within the framework of the applicable legal provisions, you have the right to free information about your stored personal data, its origin and recipient and the purpose of the data processing and, if necessary, a right to correction or deletion of this data at any time. You can contact us at any time at the address given in the imprint if you have any further questions on the subject of personal data.<\/p>\n<\/div><div class=\"vc_empty_space\"   style=\"height: 32px\"><span class=\"vc_empty_space_inner\"><\/span><\/div><h6 class=\"text-extra-dark-gray margin-20px-bottom font-weight-600 alt-font heading-style2  heading-15\"  style=\"font-weight: 500;\">Right to restriction of processing<\/h6><div class=\"last-paragraph-no-margin\"><p>You have the right to request the restriction of the processing of your personal data. You can contact us at any time at the address given in the imprint. The right to restriction of processing exists in the following cases:<\/p>\n<ul>\n<li>If you dispute the accuracy of your personal data stored by us, we usually need time to check this. For the duration of the examination, you have the right to request that the processing of your personal data be restricted.<\/li>\n<li>If the processing of your personal data happened\/is happening unlawfully, you can request the restriction of data processing instead of deletion.<\/li>\n<li>If we no longer need your personal data, but you need it to exercise, defend or assert legal claims, you have the right to demand that the processing of your personal data be restricted instead of being deleted.<\/li>\n<li>If you have lodged an objection in accordance with Art. 21 (1) GDPR, your interests and ours must be weighed up. As long as it has not yet been determined whose interests prevail, you have the right to demand that the processing of your personal data be restricted.<\/li>\n<\/ul>\n<p>If you have restricted the processing of your personal data, this data \u2013 apart from its storage \u2013 may only be used with your consent or to assert, exercise or defend legal claims or to protect the rights of another natural or legal person or for reasons of important public interest of the European Union or a Member State are processed.<\/p>\n<\/div><div class=\"vc_empty_space\"   style=\"height: 32px\"><span class=\"vc_empty_space_inner\"><\/span><\/div><h5 class=\"text-extra-dark-gray margin-20px-bottom font-weight-600 alt-font heading-style2  heading-16\"  style=\"font-weight: 500;\">4. Data collection on this website<\/h5><h6 class=\"text-extra-dark-gray margin-20px-bottom font-weight-600 alt-font heading-style2  heading-17\"  style=\"font-weight: 500;\">Cookies<\/h6><div class=\"last-paragraph-no-margin\"><p>Our website uses so-called \u201ccookies\u201d. Cookies are small text files and do not cause any damage to your end device. They are stored on your end device either temporarily for the duration of a session (session cookies) or permanently (permanent cookies). Session cookies are automatically deleted after your visit. Permanent cookies remain stored on your end device until you delete them yourself or until they are automatically deleted by your web browser.<\/p>\n<p>In some cases, cookies from third-party companies can also be stored on your end device when you enter our site (third-party cookies). These enable us or you to use certain services of the third-party company (e.g. cookies for processing payment services).<\/p>\n<p>Cookies have different functions. Numerous cookies are technically necessary because certain website functions would not work without them (e.g. the shopping cart function or the display of videos). Other cookies are used to evaluate user behavior or to display advertising.<\/p>\n<p>Cookies that are required to carry out the electronic communication process (necessary cookies) or to provide certain functions you want (functional cookies, e.g. for the shopping cart function) or to optimize the website (e.g. cookies for measuring the web audience). stored on the basis of Article 6 (1) (f) GDPR, unless another legal basis is specified. The website operator has a legitimate interest in the storage of cookies for the technically error-free and optimized provision of its services. If consent to the storage of cookies was requested, the relevant cookies are stored exclusively on the basis of this consent (Article 6 (1) (a) GDPR); the consent can be revoked at any time.<\/p>\n<p>You can set your browser so that you are informed about the setting of cookies and only allow cookies in individual cases, exclude the acceptance of cookies for certain cases or in general and activate the automatic deletion of cookies when the browser is closed. If cookies are deactivated, the functionality of this website may be restricted.<\/p>\n<p>If cookies are used by third-party companies or for analysis purposes, we will inform you of this separately in this data protection declaration and, if necessary, ask for your consent.<\/p>\n<\/div><div class=\"vc_empty_space\"   style=\"height: 32px\"><span class=\"vc_empty_space_inner\"><\/span><\/div><h6 class=\"text-extra-dark-gray margin-20px-bottom font-weight-600 alt-font heading-style2  heading-18\"  style=\"font-weight: 500;\">Server log files<\/h6><div class=\"last-paragraph-no-margin\"><p>The provider of the pages automatically collects and stores information in so-called server log files, which your browser automatically transmits to us. These are:<\/p>\n<ul>\n<li>\u2013 Browser type and browser version<\/li>\n<li>\u2013 operating system used<\/li>\n<li>\u2013 Referrer URL<\/li>\n<li>\u2013 Host name of the accessing computer<\/li>\n<li>\u2013 Time of server request<\/li>\n<li>\u2013 IP address<\/li>\n<\/ul>\n<p>This data is not merged with other data sources.<\/p>\n<p>This data is collected on the basis of Article 6 (1) (f) GDPR. The website operator has a legitimate interest in the technically error-free presentation and optimization of his website \u2013 the server log files must be recorded for this purpose<\/p>\n<\/div><\/div><\/div><\/div><\/div><\/div><\/div><\/div><\/section>","protected":false},"excerpt":{"rendered":"1. Datenschutz auf einen BlickAllgemeine InformationenDie folgenden Hinweise geben einen einfachen \u00dcberblick dar\u00fcber, was mit Ihren personenbezogenen Daten passiert, wenn Sie diese Website besuchen. Personenbezogene Daten sind alle Daten, mit denen Sie pers\u00f6nlich identifiziert werden k\u00f6nnen. Ausf\u00fchrliche Informationen zum Thema Datenschutz finden Sie in unserer unter diesem Text aufgef\u00fchrten Datenschutzerkl\u00e4rung. Datenerfassung auf dieser WebsiteWer ist f\u00fcr die Datenerfassung auf dieser Website verantwortlich? Die Datenverarbeitung auf dieser Website erfolgt durch den Websitebetreiber. Dessen Kontaktdaten finden Sie im Impressum dieser Website. Wie erheben wir Ihre Daten? Zum einen werden Ihre Daten erhoben, wenn Sie uns diese mitteilen. Dies k\u00f6nnen z. B. Daten sein, die Sie in ein Kontaktformular eingeben. Andere Daten werden automatisch oder mit Ihrer Zustimmung von unseren IT-Systemen erfasst, wenn Sie die Website besuchen. Dabei handelt es sich in erster Linie um technische Daten (z. B. Internet-Browser, Betriebssystem oder Zeitpunkt des Seitenaufrufs). Diese Daten werden automatisch erhoben, sobald Sie diese Website betreten. Wozu verwenden wir Ihre Daten? Ein Teil der Daten wird erhoben, um die fehlerfreie Bereitstellung der Website zu gew\u00e4hrleisten. Andere Daten k\u00f6nnen verwendet werden, um Ihr Nutzerverhalten zu analysieren. Welche Rechte haben Sie in Bezug auf Ihre Daten? Sie haben jederzeit das Recht, unentgeltlich Auskunft \u00fcber Herkunft, Empf\u00e4nger...","protected":false},"author":1,"featured_media":0,"parent":0,"menu_order":0,"comment_status":"closed","ping_status":"closed","template":"","meta":{"footnotes":""},"class_list":["post-18817","page","type-page","status-publish","hentry"],"yoast_head":"<!-- This site is optimized with the Yoast SEO plugin v25.3.1 - https:\/\/yoast.com\/wordpress\/plugins\/seo\/ -->\n<title>Datenschutzerkl\u00e4rung - Softech Source<\/title>\n<meta name=\"robots\" content=\"index, follow, max-snippet:-1, max-image-preview:large, max-video-preview:-1\" \/>\n<link rel=\"canonical\" href=\"https:\/\/softechsource.com\/en\/privacy-policy\/\" \/>\n<meta property=\"og:locale\" content=\"en_US\" \/>\n<meta property=\"og:type\" content=\"article\" \/>\n<meta property=\"og:title\" content=\"Datenschutzerkl\u00e4rung - Softech Source\" \/>\n<meta property=\"og:url\" content=\"https:\/\/softechsource.com\/en\/privacy-policy\/\" \/>\n<meta property=\"og:site_name\" content=\"Softech Source\" \/>\n<meta property=\"article:modified_time\" content=\"2025-05-17T12:18:01+00:00\" \/>\n<meta name=\"twitter:card\" content=\"summary_large_image\" \/>\n<meta name=\"twitter:label1\" content=\"Est. reading time\" \/>\n\t<meta name=\"twitter:data1\" content=\"9 minutes\" \/>\n<script type=\"application\/ld+json\" class=\"yoast-schema-graph\">{\"@context\":\"https:\/\/schema.org\",\"@graph\":[{\"@type\":\"WebPage\",\"@id\":\"https:\/\/softechsource.com\/privacy-policy\/\",\"url\":\"https:\/\/softechsource.com\/privacy-policy\/\",\"name\":\"Datenschutzerkl\u00e4rung - Softech Source\",\"isPartOf\":{\"@id\":\"https:\/\/softechsource.com\/#website\"},\"datePublished\":\"2017-11-08T05:31:41+00:00\",\"dateModified\":\"2025-05-17T12:18:01+00:00\",\"breadcrumb\":{\"@id\":\"https:\/\/softechsource.com\/privacy-policy\/#breadcrumb\"},\"inLanguage\":\"en-US\",\"potentialAction\":[{\"@type\":\"ReadAction\",\"target\":[\"https:\/\/softechsource.com\/privacy-policy\/\"]}]},{\"@type\":\"BreadcrumbList\",\"@id\":\"https:\/\/softechsource.com\/privacy-policy\/#breadcrumb\",\"itemListElement\":[{\"@type\":\"ListItem\",\"position\":1,\"name\":\"Home\",\"item\":\"https:\/\/softechsource.com\/\"},{\"@type\":\"ListItem\",\"position\":2,\"name\":\"Datenschutzerkl\u00e4rung\"}]},{\"@type\":\"WebSite\",\"@id\":\"https:\/\/softechsource.com\/#website\",\"url\":\"https:\/\/softechsource.com\/\",\"name\":\"Softech Source\",\"description\":\"\",\"publisher\":{\"@id\":\"https:\/\/softechsource.com\/#organization\"},\"potentialAction\":[{\"@type\":\"SearchAction\",\"target\":{\"@type\":\"EntryPoint\",\"urlTemplate\":\"https:\/\/softechsource.com\/?s={search_term_string}\"},\"query-input\":{\"@type\":\"PropertyValueSpecification\",\"valueRequired\":true,\"valueName\":\"search_term_string\"}}],\"inLanguage\":\"en-US\"},{\"@type\":\"Organization\",\"@id\":\"https:\/\/softechsource.com\/#organization\",\"name\":\"Softech Source\",\"url\":\"https:\/\/softechsource.com\/\",\"logo\":{\"@type\":\"ImageObject\",\"inLanguage\":\"en-US\",\"@id\":\"https:\/\/softechsource.com\/#\/schema\/logo\/image\/\",\"url\":\"https:\/\/softechsource.com\/wp-content\/uploads\/2023\/11\/upload-logo.png\",\"contentUrl\":\"https:\/\/softechsource.com\/wp-content\/uploads\/2023\/11\/upload-logo.png\",\"width\":400,\"height\":212,\"caption\":\"Softech Source\"},\"image\":{\"@id\":\"https:\/\/softechsource.com\/#\/schema\/logo\/image\/\"}}]}<\/script>\n<!-- \/ Yoast SEO plugin. -->","yoast_head_json":{"title":"Datenschutzerkl\u00e4rung - Softech Source","robots":{"index":"index","follow":"follow","max-snippet":"max-snippet:-1","max-image-preview":"max-image-preview:large","max-video-preview":"max-video-preview:-1"},"canonical":"https:\/\/softechsource.com\/en\/privacy-policy\/","og_locale":"en_US","og_type":"article","og_title":"Datenschutzerkl\u00e4rung - Softech Source","og_url":"https:\/\/softechsource.com\/en\/privacy-policy\/","og_site_name":"Softech Source","article_modified_time":"2025-05-17T12:18:01+00:00","twitter_card":"summary_large_image","twitter_misc":{"Est. reading time":"9 minutes"},"schema":{"@context":"https:\/\/schema.org","@graph":[{"@type":"WebPage","@id":"https:\/\/softechsource.com\/privacy-policy\/","url":"https:\/\/softechsource.com\/privacy-policy\/","name":"Datenschutzerkl\u00e4rung - Softech Source","isPartOf":{"@id":"https:\/\/softechsource.com\/#website"},"datePublished":"2017-11-08T05:31:41+00:00","dateModified":"2025-05-17T12:18:01+00:00","breadcrumb":{"@id":"https:\/\/softechsource.com\/privacy-policy\/#breadcrumb"},"inLanguage":"en-US","potentialAction":[{"@type":"ReadAction","target":["https:\/\/softechsource.com\/privacy-policy\/"]}]},{"@type":"BreadcrumbList","@id":"https:\/\/softechsource.com\/privacy-policy\/#breadcrumb","itemListElement":[{"@type":"ListItem","position":1,"name":"Home","item":"https:\/\/softechsource.com\/"},{"@type":"ListItem","position":2,"name":"Datenschutzerkl\u00e4rung"}]},{"@type":"WebSite","@id":"https:\/\/softechsource.com\/#website","url":"https:\/\/softechsource.com\/","name":"Softech Source","description":"","publisher":{"@id":"https:\/\/softechsource.com\/#organization"},"potentialAction":[{"@type":"SearchAction","target":{"@type":"EntryPoint","urlTemplate":"https:\/\/softechsource.com\/?s={search_term_string}"},"query-input":{"@type":"PropertyValueSpecification","valueRequired":true,"valueName":"search_term_string"}}],"inLanguage":"en-US"},{"@type":"Organization","@id":"https:\/\/softechsource.com\/#organization","name":"Softech Source","url":"https:\/\/softechsource.com\/","logo":{"@type":"ImageObject","inLanguage":"en-US","@id":"https:\/\/softechsource.com\/#\/schema\/logo\/image\/","url":"https:\/\/softechsource.com\/wp-content\/uploads\/2023\/11\/upload-logo.png","contentUrl":"https:\/\/softechsource.com\/wp-content\/uploads\/2023\/11\/upload-logo.png","width":400,"height":212,"caption":"Softech Source"},"image":{"@id":"https:\/\/softechsource.com\/#\/schema\/logo\/image\/"}}]}},"_links":{"self":[{"href":"https:\/\/softechsource.com\/en\/wp-json\/wp\/v2\/pages\/18817"}],"collection":[{"href":"https:\/\/softechsource.com\/en\/wp-json\/wp\/v2\/pages"}],"about":[{"href":"https:\/\/softechsource.com\/en\/wp-json\/wp\/v2\/types\/page"}],"author":[{"embeddable":true,"href":"https:\/\/softechsource.com\/en\/wp-json\/wp\/v2\/users\/1"}],"replies":[{"embeddable":true,"href":"https:\/\/softechsource.com\/en\/wp-json\/wp\/v2\/comments?post=18817"}],"version-history":[{"count":13,"href":"https:\/\/softechsource.com\/en\/wp-json\/wp\/v2\/pages\/18817\/revisions"}],"predecessor-version":[{"id":23507,"href":"https:\/\/softechsource.com\/en\/wp-json\/wp\/v2\/pages\/18817\/revisions\/23507"}],"wp:attachment":[{"href":"https:\/\/softechsource.com\/en\/wp-json\/wp\/v2\/media?parent=18817"}],"curies":[{"name":"wp","href":"https:\/\/api.w.org\/{rel}","templated":true}]}}